{"id":667,"date":"2025-10-03T16:43:44","date_gmt":"2025-10-03T09:43:44","guid":{"rendered":"https:\/\/commerce.ohal.vn\/?post_type=product&#038;p=667"},"modified":"2025-12-03T14:06:59","modified_gmt":"2025-12-03T07:06:59","slug":"cao-linh-chi-ohal","status":"publish","type":"product","link":"https:\/\/commerce.ohal.vn\/index.php\/san-pham\/cao-linh-chi-ohal\/","title":{"rendered":"Cao Linh chi"},"content":{"rendered":"<h1 data-start=\"193\" data-end=\"262\">Cao Linh Chi \u2013 Tinh T\u00fay T\u1eeb N\u1ea5m Linh Chi \u0110\u1ecf Cho S\u1ee9c Kh\u1ecfe To\u00e0n Di\u1ec7n<\/h1>\n<p data-start=\"264\" data-end=\"688\">Trong cu\u1ed9c s\u1ed1ng hi\u1ec7n \u0111\u1ea1i nhi\u1ec1u \u00e1p l\u1ef1c, nhu c\u1ea7u ch\u0103m s\u00f3c s\u1ee9c kh\u1ecfe t\u1ef1 nhi\u00ean ng\u00e0y c\u00e0ng \u0111\u01b0\u1ee3c quan t\u00e2m. <a href=\"https:\/\/commerce.ohal.vn\/index.php\/san-pham\/nam-linh-chi-linh-chi-do-xich-chi-on-dinh-huyet-ap\/\">N\u1ea5m Linh chi \u0111\u1ecf<\/a> (Ganoderma lucidum) t\u1eeb l\u00e2u \u0111\u00e3 \u0111\u01b0\u1ee3c xem l\u00e0 \u201cth\u1ea7n d\u01b0\u1ee3c ph\u01b0\u01a1ng \u0110\u00f4ng\u201d, g\u1eafn li\u1ec1n v\u1edbi h\u00ecnh \u1ea3nh tr\u01b0\u1eddng th\u1ecd v\u00e0 b\u00ecnh an. T\u1eeb ngu\u1ed3n nguy\u00ean li\u1ec7u qu\u00fd n\u00e0y, <strong data-start=\"521\" data-end=\"542\">Cao Linh chi OHAL<\/strong> ra \u0111\u1eddi, mang trong m\u00ecnh c\u00e2u chuy\u1ec7n k\u1ebft h\u1ee3p gi\u1eefa truy\u1ec1n th\u1ed1ng v\u00e0 c\u00f4ng ngh\u1ec7 hi\u1ec7n \u0111\u1ea1i, \u0111em l\u1ea1i gi\u1ea3i ph\u00e1p ch\u0103m s\u00f3c s\u1ee9c kh\u1ecfe b\u1ec1n v\u1eefng cho m\u1ecdi ng\u01b0\u1eddi.<\/p>\n<h3 data-start=\"690\" data-end=\"730\">H\u00e0nh tr\u00ecnh h\u00ecnh th\u00e0nh<\/h3>\n<p data-start=\"731\" data-end=\"1147\">Ngu\u1ed3n g\u1ed1c s\u1ea3n ph\u1ea9m b\u1eaft \u0111\u1ea7u t\u1eeb gi\u1ed1ng n\u1ea5m Linh chi \u0111\u1ecf b\u1ea3n \u0111\u1ecba Vi\u1ec7t Nam v\u00e0 n\u1ea5m \u0110\u00f4ng tr\u00f9ng h\u1ea1 th\u1ea3o (Cordyceps militaris) \u2013 hai d\u01b0\u1ee3c li\u1ec7u qu\u00fd hi\u1ebfm c\u00f3 gi\u00e1 tr\u1ecb d\u01b0\u1ee3c l\u00fd cao. Doanh nghi\u1ec7p OHAL \u0111\u00e3 \u0111\u1ea7u t\u01b0 nu\u00f4i tr\u1ed3ng, nghi\u00ean c\u1ee9u v\u00e0 \u1ee9ng d\u1ee5ng quy tr\u00ecnh chi\u1ebft xu\u1ea5t kh\u00e9p k\u00edn nh\u1eb1m gi\u1eef tr\u1ecdn tinh ch\u1ea5t thi\u00ean nhi\u00ean. M\u1ed7i b\u01b0\u1edbc \u0111i \u0111\u1ec1u th\u1ec3 hi\u1ec7n t\u00e2m huy\u1ebft mang \u0111\u1ebfn m\u1ed9t s\u1ea3n ph\u1ea9m an to\u00e0n, tinh khi\u1ebft v\u00e0 th\u1ef1c s\u1ef1 c\u00f3 \u00edch cho s\u1ee9c kh\u1ecfe c\u1ed9ng \u0111\u1ed3ng.<\/p>\n<h3 data-start=\"1149\" data-end=\"1185\">Quy tr\u00ecnh chi\u1ebft xu\u1ea5t kh\u00e1c bi\u1ec7t<\/h3>\n<p data-start=\"1186\" data-end=\"1650\">\u0110i\u1ec3m n\u1ed5i b\u1eadt\u00a0n\u1eb1m \u1edf c\u00f4ng ngh\u1ec7 chi\u1ebft xu\u1ea5t hi\u1ec7n \u0111\u1ea1i: \u00e1p su\u1ea5t ch\u00e2n kh\u00f4ng k\u1ebft h\u1ee3p nhi\u1ec7t \u0111\u1ed9 th\u1ea5p d\u01b0\u1edbi 80\u00b0C. Nh\u1edd \u0111\u00f3, ho\u1ea1t ch\u1ea5t trong n\u1ea5m kh\u00f4ng b\u1ecb bi\u1ebfn \u0111\u1ed5i, gi\u1eef nguy\u00ean gi\u00e1 tr\u1ecb d\u01b0\u1ee3c l\u00fd. \u0110\u1ec3 t\u1ea1o ra <strong data-start=\"1399\" data-end=\"1419\">1kg Cao Linh chi<\/strong>, c\u1ea7n \u0111\u1ebfn 12 \u2013 15kg n\u1ea5m Linh chi \u0111\u1ecf; t\u01b0\u01a1ng t\u1ef1, 4-5 kg \u0110\u00f4ng tr\u00f9ng h\u1ea1 th\u1ea3o m\u1edbi cho ra 1kg Cao \u0110\u00f4ng tr\u00f9ng. Ch\u00ednh s\u1ef1 k\u1ef3 c\u00f4ng v\u00e0 nghi\u00eam ng\u1eb7t n\u00e0y t\u1ea1o n\u00ean ch\u1ea5t l\u01b0\u1ee3ng v\u01b0\u1ee3t tr\u1ed9i, kh\u00e1c bi\u1ec7t ho\u00e0n to\u00e0n so v\u1edbi nhi\u1ec1u s\u1ea3n ph\u1ea9m tr\u00ean th\u1ecb tr\u01b0\u1eddng.<\/p>\n<h3 data-start=\"1652\" data-end=\"1685\">Gi\u00e1 tr\u1ecb s\u1ee9c kh\u1ecfe v\u00e0 v\u0103n h\u00f3a<\/h3>\n<p data-start=\"1686\" data-end=\"2082\">Cao Linh chi kh\u00f4ng ch\u1ec9 l\u00e0 s\u1ea3n ph\u1ea9m b\u1ed5 d\u01b0\u1ee1ng h\u1ed7 tr\u1ee3 t\u0103ng c\u01b0\u1eddng mi\u1ec5n d\u1ecbch, c\u1ea3i thi\u1ec7n s\u1ee9c kh\u1ecfe, m\u00e0 c\u00f2n mang \u00fd ngh\u0129a v\u0103n h\u00f3a s\u00e2u s\u1eafc. N\u00f3 g\u1ee3i nh\u1edb \u0111\u1ebfn nh\u1eefng b\u00e0i thu\u1ed1c qu\u00fd truy\u1ec1n th\u1ed1ng c\u1ee7a cha \u00f4ng, \u0111\u1ed3ng th\u1eddi kh\u1eb3ng \u0111\u1ecbnh tr\u00ed tu\u1ec7 v\u00e0 b\u1ea3n l\u0129nh Vi\u1ec7t Nam trong vi\u1ec7c khai th\u00e1c v\u00e0 g\u00ecn gi\u1eef ngu\u1ed3n d\u01b0\u1ee3c li\u1ec7u qu\u00fd hi\u1ebfm. \u0110\u00e2y l\u00e0 s\u1ef1 k\u1ebft tinh h\u00e0i h\u00f2a gi\u1eefa thi\u00ean nhi\u00ean, khoa h\u1ecdc v\u00e0 t\u1ea5m l\u00f2ng c\u1ee7a nh\u1eefng ng\u01b0\u1eddi l\u00e0m s\u1ea3n ph\u1ea9m.<\/p>\n<h3 data-start=\"2084\" data-end=\"2105\">Cam k\u1ebft t\u1eeb OHAL<\/h3>\n<p data-start=\"2106\" data-end=\"2483\">OHAL lu\u00f4n \u0111\u1eb7t ch\u1ea5t l\u01b0\u1ee3ng v\u00e0 l\u1ee3i \u00edch c\u1ee7a kh\u00e1ch h\u00e0ng l\u00ean h\u00e0ng \u0111\u1ea7u. M\u1ed7i gi\u1ecdt chi\u1ebft xu\u1ea5t Linh chi l\u00e0 l\u1eddi cam k\u1ebft v\u1ec1 s\u1ef1 an to\u00e0n, hi\u1ec7u qu\u1ea3 v\u00e0 uy t\u00edn. S\u1ea3n ph\u1ea9m \u0111\u01b0\u1ee3c s\u1ea3n xu\u1ea5t trong h\u1ec7 th\u1ed1ng ki\u1ec3m so\u00e1t nghi\u00eam ng\u1eb7t, mang \u0111\u1ebfn s\u1ef1 an t\u00e2m v\u00e0 ni\u1ec1m tin tr\u1ecdn v\u1eb9n. Kh\u00f4ng ch\u1ec9 ch\u0103m s\u00f3c s\u1ee9c kh\u1ecfe, Cao Linh chi c\u00f2n mang \u0111\u1ebfn gi\u00e1 tr\u1ecb tinh th\u1ea7n \u2013 gi\u00fap con ng\u01b0\u1eddi t\u00ecm l\u1ea1i s\u1ef1 c\u00e2n b\u1eb1ng, th\u01b0 th\u00e1i trong cu\u1ed9c s\u1ed1ng.<\/p>\n<p data-start=\"2485\" data-end=\"2558\"><strong data-start=\"2485\" data-end=\"2556\">Cao Linh chi OHAL \u2013 Tinh t\u00fay \u0111\u1ea5t tr\u1eddi, ch\u0103m s\u00f3c s\u1ee9c kh\u1ecfe t\u1eeb g\u1ed1c r\u1ec5.<\/strong><\/p>\n","protected":false},"excerpt":{"rendered":"<p data-start=\"229\" data-end=\"588\">\u0110i\u1ec3m kh\u00e1c bi\u1ec7t c\u1ee7a <strong data-start=\"1089\" data-end=\"1110\">Cao Linh chi OHAL<\/strong> n\u1eb1m \u1edf s\u1ef1 tinh khi\u1ebft, an to\u00e0n v\u00e0 n\u1ed3ng \u0111\u1ed9 ho\u1ea1t ch\u1ea5t cao. S\u1ea3n ph\u1ea9m ch\u1ee9a nhi\u1ec1u h\u1ee3p ch\u1ea5t sinh h\u1ecdc nh\u01b0 polysaccharide, triterpenoid, glycoprotein\u2026 gi\u00fap t\u0103ng c\u01b0\u1eddng mi\u1ec5n d\u1ecbch, h\u1ed7 tr\u1ee3 tu\u1ea7n ho\u00e0n m\u00e1u, c\u1ea3i thi\u1ec7n gi\u1ea5c ng\u1ee7, gi\u1ea3m c\u0103ng th\u1eb3ng v\u00e0 b\u1ea3o v\u1ec7 gan. \u0110\u00e2y kh\u00f4ng ch\u1ec9 l\u00e0 m\u1ed9t lo\u1ea1i cao b\u1ed5 d\u01b0\u1ee1ng m\u00e0 c\u00f2n l\u00e0 bi\u1ec3u t\u01b0\u1ee3ng v\u0103n h\u00f3a g\u1eafn li\u1ec1n v\u1edbi truy\u1ec1n th\u1ed1ng ch\u0103m s\u00f3c s\u1ee9c kh\u1ecfe c\u1ee7a ng\u01b0\u1eddi Vi\u1ec7t.<\/p>\n","protected":false},"featured_media":715,"comment_status":"open","ping_status":"closed","template":"","meta":{"site-sidebar-layout":"default","site-content-layout":"default","ast-site-content-layout":"default","site-content-style":"default","site-sidebar-style":"default","ast-global-header-display":"","ast-banner-title-visibility":"","ast-main-header-display":"","ast-hfb-above-header-display":"","ast-hfb-below-header-display":"","ast-hfb-mobile-header-display":"","site-post-title":"","ast-breadcrumbs-content":"","ast-featured-img":"","footer-sml-layout":"","theme-transparent-header-meta":"default","adv-header-id-meta":"","stick-header-meta":"","header-above-stick-meta":"","header-main-stick-meta":"","header-below-stick-meta":"","astra-migrate-meta-layouts":"set","ast-page-background-enabled":"default","ast-page-background-meta":{"desktop":{"background-color":"var(--ast-global-color-4)","background-image":"","background-repeat":"repeat","background-position":"center center","background-size":"auto","background-attachment":"scroll","background-type":"","background-media":"","overlay-type":"","overlay-color":"","overlay-opacity":"","overlay-gradient":""},"tablet":{"background-color":"","background-image":"","background-repeat":"repeat","background-position":"center center","background-size":"auto","background-attachment":"scroll","background-type":"","background-media":"","overlay-type":"","overlay-color":"","overlay-opacity":"","overlay-gradient":""},"mobile":{"background-color":"","background-image":"","background-repeat":"repeat","background-position":"center center","background-size":"auto","background-attachment":"scroll","background-type":"","background-media":"","overlay-type":"","overlay-color":"","overlay-opacity":"","overlay-gradient":""}},"ast-content-background-meta":{"desktop":{"background-color":"var(--ast-global-color-5)","background-image":"","background-repeat":"repeat","background-position":"center center","background-size":"auto","background-attachment":"scroll","background-type":"","background-media":"","overlay-type":"","overlay-color":"","overlay-opacity":"","overlay-gradient":""},"tablet":{"background-color":"var(--ast-global-color-5)","background-image":"","background-repeat":"repeat","background-position":"center center","background-size":"auto","background-attachment":"scroll","background-type":"","background-media":"","overlay-type":"","overlay-color":"","overlay-opacity":"","overlay-gradient":""},"mobile":{"background-color":"var(--ast-global-color-5)","background-image":"","background-repeat":"repeat","background-position":"center center","background-size":"auto","background-attachment":"scroll","background-type":"","background-media":"","overlay-type":"","overlay-color":"","overlay-opacity":"","overlay-gradient":""}}},"product_brand":[],"product_cat":[23],"product_tag":[],"class_list":{"0":"post-667","1":"product","2":"type-product","3":"status-publish","4":"has-post-thumbnail","6":"product_cat-cham-soc-suc-khoe","7":"desktop-align-left","8":"tablet-align-left","9":"mobile-align-left","11":"first","12":"instock","13":"taxable","14":"shipping-taxable","15":"purchasable","16":"product-type-simple"},"yoast_head":"<!-- This site is optimized with the Yoast SEO plugin v26.2 - https:\/\/yoast.com\/wordpress\/plugins\/seo\/ -->\n<title>Cao Linh chi - OHAL<\/title>\n<meta name=\"description\" content=\"Cao Linh chi OHAL chi\u1ebft xu\u1ea5t t\u1eeb n\u1ea5m Linh chi \u0111\u1ecf v\u00e0 \u0110\u00f4ng tr\u00f9ng h\u1ea1 th\u1ea3o, c\u00f4ng ngh\u1ec7 hi\u1ec7n \u0111\u1ea1i, gi\u1eef tr\u1ecdn tinh ch\u1ea5t, ch\u0103m s\u00f3c s\u1ee9c kh\u1ecfe to\u00e0n di\u1ec7n.\" \/>\n<meta name=\"robots\" content=\"index, follow, max-snippet:-1, max-image-preview:large, max-video-preview:-1\" \/>\n<link rel=\"canonical\" href=\"https:\/\/commerce.ohal.vn\/index.php\/san-pham\/cao-linh-chi-ohal\/\" \/>\n<meta property=\"og:locale\" content=\"vi_VN\" \/>\n<meta property=\"og:type\" content=\"article\" \/>\n<meta property=\"og:title\" content=\"Cao Linh chi - OHAL\" \/>\n<meta property=\"og:description\" content=\"Cao Linh chi OHAL chi\u1ebft xu\u1ea5t t\u1eeb n\u1ea5m Linh chi \u0111\u1ecf v\u00e0 \u0110\u00f4ng tr\u00f9ng h\u1ea1 th\u1ea3o, c\u00f4ng ngh\u1ec7 hi\u1ec7n \u0111\u1ea1i, gi\u1eef tr\u1ecdn tinh ch\u1ea5t, ch\u0103m s\u00f3c s\u1ee9c kh\u1ecfe to\u00e0n di\u1ec7n.\" \/>\n<meta property=\"og:url\" content=\"https:\/\/commerce.ohal.vn\/index.php\/san-pham\/cao-linh-chi-ohal\/\" \/>\n<meta property=\"og:site_name\" content=\"OHAL\" \/>\n<meta property=\"article:modified_time\" content=\"2025-12-03T07:06:59+00:00\" \/>\n<meta property=\"og:image\" content=\"https:\/\/commerce.ohal.vn\/wp-content\/uploads\/2025\/10\/Gemini_Generated_Image_ygc660ygc660ygc6.jpg\" \/>\n\t<meta property=\"og:image:width\" content=\"864\" \/>\n\t<meta property=\"og:image:height\" content=\"905\" \/>\n\t<meta property=\"og:image:type\" content=\"image\/jpeg\" \/>\n<meta name=\"twitter:card\" content=\"summary_large_image\" \/>\n<meta name=\"twitter:label1\" content=\"\u01af\u1edbc t\u00ednh th\u1eddi gian \u0111\u1ecdc\" \/>\n\t<meta name=\"twitter:data1\" content=\"3 ph\u00fat\" \/>\n<script type=\"application\/ld+json\" class=\"yoast-schema-graph\">{\"@context\":\"https:\/\/schema.org\",\"@graph\":[{\"@type\":\"WebPage\",\"@id\":\"https:\/\/commerce.ohal.vn\/index.php\/san-pham\/cao-linh-chi-ohal\/\",\"url\":\"https:\/\/commerce.ohal.vn\/index.php\/san-pham\/cao-linh-chi-ohal\/\",\"name\":\"Cao Linh chi - OHAL\",\"isPartOf\":{\"@id\":\"https:\/\/commerce.ohal.vn\/#website\"},\"primaryImageOfPage\":{\"@id\":\"https:\/\/commerce.ohal.vn\/index.php\/san-pham\/cao-linh-chi-ohal\/#primaryimage\"},\"image\":{\"@id\":\"https:\/\/commerce.ohal.vn\/index.php\/san-pham\/cao-linh-chi-ohal\/#primaryimage\"},\"thumbnailUrl\":\"https:\/\/commerce.ohal.vn\/wp-content\/uploads\/2025\/10\/Gemini_Generated_Image_ygc660ygc660ygc6.jpg\",\"datePublished\":\"2025-10-03T09:43:44+00:00\",\"dateModified\":\"2025-12-03T07:06:59+00:00\",\"description\":\"Cao Linh chi OHAL chi\u1ebft xu\u1ea5t t\u1eeb n\u1ea5m Linh chi \u0111\u1ecf v\u00e0 \u0110\u00f4ng tr\u00f9ng h\u1ea1 th\u1ea3o, c\u00f4ng ngh\u1ec7 hi\u1ec7n \u0111\u1ea1i, gi\u1eef tr\u1ecdn tinh ch\u1ea5t, ch\u0103m s\u00f3c s\u1ee9c kh\u1ecfe to\u00e0n di\u1ec7n.\",\"breadcrumb\":{\"@id\":\"https:\/\/commerce.ohal.vn\/index.php\/san-pham\/cao-linh-chi-ohal\/#breadcrumb\"},\"inLanguage\":\"vi\",\"potentialAction\":[{\"@type\":\"ReadAction\",\"target\":[\"https:\/\/commerce.ohal.vn\/index.php\/san-pham\/cao-linh-chi-ohal\/\"]}]},{\"@type\":\"ImageObject\",\"inLanguage\":\"vi\",\"@id\":\"https:\/\/commerce.ohal.vn\/index.php\/san-pham\/cao-linh-chi-ohal\/#primaryimage\",\"url\":\"https:\/\/commerce.ohal.vn\/wp-content\/uploads\/2025\/10\/Gemini_Generated_Image_ygc660ygc660ygc6.jpg\",\"contentUrl\":\"https:\/\/commerce.ohal.vn\/wp-content\/uploads\/2025\/10\/Gemini_Generated_Image_ygc660ygc660ygc6.jpg\",\"width\":864,\"height\":905},{\"@type\":\"BreadcrumbList\",\"@id\":\"https:\/\/commerce.ohal.vn\/index.php\/san-pham\/cao-linh-chi-ohal\/#breadcrumb\",\"itemListElement\":[{\"@type\":\"ListItem\",\"position\":1,\"name\":\"Trang ch\u1ee7\",\"item\":\"https:\/\/commerce.ohal.vn\/\"},{\"@type\":\"ListItem\",\"position\":2,\"name\":\"C\u1eeda h\u00e0ng\",\"item\":\"https:\/\/commerce.ohal.vn\/\"},{\"@type\":\"ListItem\",\"position\":3,\"name\":\"Cao Linh chi\"}]},{\"@type\":\"WebSite\",\"@id\":\"https:\/\/commerce.ohal.vn\/#website\",\"url\":\"https:\/\/commerce.ohal.vn\/\",\"name\":\"OHAL\",\"description\":\"S\u1ed1ng kh\u1ecfe c\u00f9ng OHAL\",\"publisher\":{\"@id\":\"https:\/\/commerce.ohal.vn\/#organization\"},\"potentialAction\":[{\"@type\":\"SearchAction\",\"target\":{\"@type\":\"EntryPoint\",\"urlTemplate\":\"https:\/\/commerce.ohal.vn\/?s={search_term_string}\"},\"query-input\":{\"@type\":\"PropertyValueSpecification\",\"valueRequired\":true,\"valueName\":\"search_term_string\"}}],\"inLanguage\":\"vi\"},{\"@type\":\"Organization\",\"@id\":\"https:\/\/commerce.ohal.vn\/#organization\",\"name\":\"OHAL\",\"url\":\"https:\/\/commerce.ohal.vn\/\",\"logo\":{\"@type\":\"ImageObject\",\"inLanguage\":\"vi\",\"@id\":\"https:\/\/commerce.ohal.vn\/#\/schema\/logo\/image\/\",\"url\":\"https:\/\/commerce.ohal.vn\/wp-content\/uploads\/2022\/05\/cropped-ohal-2-2.png\",\"contentUrl\":\"https:\/\/commerce.ohal.vn\/wp-content\/uploads\/2022\/05\/cropped-ohal-2-2.png\",\"width\":366,\"height\":143,\"caption\":\"OHAL\"},\"image\":{\"@id\":\"https:\/\/commerce.ohal.vn\/#\/schema\/logo\/image\/\"}}]}<\/script>\n<!-- \/ Yoast SEO plugin. -->","yoast_head_json":{"title":"Cao Linh chi - OHAL","description":"Cao Linh chi OHAL chi\u1ebft xu\u1ea5t t\u1eeb n\u1ea5m Linh chi \u0111\u1ecf v\u00e0 \u0110\u00f4ng tr\u00f9ng h\u1ea1 th\u1ea3o, c\u00f4ng ngh\u1ec7 hi\u1ec7n \u0111\u1ea1i, gi\u1eef tr\u1ecdn tinh ch\u1ea5t, ch\u0103m s\u00f3c s\u1ee9c kh\u1ecfe to\u00e0n di\u1ec7n.","robots":{"index":"index","follow":"follow","max-snippet":"max-snippet:-1","max-image-preview":"max-image-preview:large","max-video-preview":"max-video-preview:-1"},"canonical":"https:\/\/commerce.ohal.vn\/index.php\/san-pham\/cao-linh-chi-ohal\/","og_locale":"vi_VN","og_type":"article","og_title":"Cao Linh chi - OHAL","og_description":"Cao Linh chi OHAL chi\u1ebft xu\u1ea5t t\u1eeb n\u1ea5m Linh chi \u0111\u1ecf v\u00e0 \u0110\u00f4ng tr\u00f9ng h\u1ea1 th\u1ea3o, c\u00f4ng ngh\u1ec7 hi\u1ec7n \u0111\u1ea1i, gi\u1eef tr\u1ecdn tinh ch\u1ea5t, ch\u0103m s\u00f3c s\u1ee9c kh\u1ecfe to\u00e0n di\u1ec7n.","og_url":"https:\/\/commerce.ohal.vn\/index.php\/san-pham\/cao-linh-chi-ohal\/","og_site_name":"OHAL","article_modified_time":"2025-12-03T07:06:59+00:00","og_image":[{"width":864,"height":905,"url":"https:\/\/commerce.ohal.vn\/wp-content\/uploads\/2025\/10\/Gemini_Generated_Image_ygc660ygc660ygc6.jpg","type":"image\/jpeg"}],"twitter_card":"summary_large_image","twitter_misc":{"\u01af\u1edbc t\u00ednh th\u1eddi gian \u0111\u1ecdc":"3 ph\u00fat"},"schema":{"@context":"https:\/\/schema.org","@graph":[{"@type":"WebPage","@id":"https:\/\/commerce.ohal.vn\/index.php\/san-pham\/cao-linh-chi-ohal\/","url":"https:\/\/commerce.ohal.vn\/index.php\/san-pham\/cao-linh-chi-ohal\/","name":"Cao Linh chi - OHAL","isPartOf":{"@id":"https:\/\/commerce.ohal.vn\/#website"},"primaryImageOfPage":{"@id":"https:\/\/commerce.ohal.vn\/index.php\/san-pham\/cao-linh-chi-ohal\/#primaryimage"},"image":{"@id":"https:\/\/commerce.ohal.vn\/index.php\/san-pham\/cao-linh-chi-ohal\/#primaryimage"},"thumbnailUrl":"https:\/\/commerce.ohal.vn\/wp-content\/uploads\/2025\/10\/Gemini_Generated_Image_ygc660ygc660ygc6.jpg","datePublished":"2025-10-03T09:43:44+00:00","dateModified":"2025-12-03T07:06:59+00:00","description":"Cao Linh chi OHAL chi\u1ebft xu\u1ea5t t\u1eeb n\u1ea5m Linh chi \u0111\u1ecf v\u00e0 \u0110\u00f4ng tr\u00f9ng h\u1ea1 th\u1ea3o, c\u00f4ng ngh\u1ec7 hi\u1ec7n \u0111\u1ea1i, gi\u1eef tr\u1ecdn tinh ch\u1ea5t, ch\u0103m s\u00f3c s\u1ee9c kh\u1ecfe to\u00e0n di\u1ec7n.","breadcrumb":{"@id":"https:\/\/commerce.ohal.vn\/index.php\/san-pham\/cao-linh-chi-ohal\/#breadcrumb"},"inLanguage":"vi","potentialAction":[{"@type":"ReadAction","target":["https:\/\/commerce.ohal.vn\/index.php\/san-pham\/cao-linh-chi-ohal\/"]}]},{"@type":"ImageObject","inLanguage":"vi","@id":"https:\/\/commerce.ohal.vn\/index.php\/san-pham\/cao-linh-chi-ohal\/#primaryimage","url":"https:\/\/commerce.ohal.vn\/wp-content\/uploads\/2025\/10\/Gemini_Generated_Image_ygc660ygc660ygc6.jpg","contentUrl":"https:\/\/commerce.ohal.vn\/wp-content\/uploads\/2025\/10\/Gemini_Generated_Image_ygc660ygc660ygc6.jpg","width":864,"height":905},{"@type":"BreadcrumbList","@id":"https:\/\/commerce.ohal.vn\/index.php\/san-pham\/cao-linh-chi-ohal\/#breadcrumb","itemListElement":[{"@type":"ListItem","position":1,"name":"Trang ch\u1ee7","item":"https:\/\/commerce.ohal.vn\/"},{"@type":"ListItem","position":2,"name":"C\u1eeda h\u00e0ng","item":"https:\/\/commerce.ohal.vn\/"},{"@type":"ListItem","position":3,"name":"Cao Linh chi"}]},{"@type":"WebSite","@id":"https:\/\/commerce.ohal.vn\/#website","url":"https:\/\/commerce.ohal.vn\/","name":"OHAL","description":"S\u1ed1ng kh\u1ecfe c\u00f9ng OHAL","publisher":{"@id":"https:\/\/commerce.ohal.vn\/#organization"},"potentialAction":[{"@type":"SearchAction","target":{"@type":"EntryPoint","urlTemplate":"https:\/\/commerce.ohal.vn\/?s={search_term_string}"},"query-input":{"@type":"PropertyValueSpecification","valueRequired":true,"valueName":"search_term_string"}}],"inLanguage":"vi"},{"@type":"Organization","@id":"https:\/\/commerce.ohal.vn\/#organization","name":"OHAL","url":"https:\/\/commerce.ohal.vn\/","logo":{"@type":"ImageObject","inLanguage":"vi","@id":"https:\/\/commerce.ohal.vn\/#\/schema\/logo\/image\/","url":"https:\/\/commerce.ohal.vn\/wp-content\/uploads\/2022\/05\/cropped-ohal-2-2.png","contentUrl":"https:\/\/commerce.ohal.vn\/wp-content\/uploads\/2022\/05\/cropped-ohal-2-2.png","width":366,"height":143,"caption":"OHAL"},"image":{"@id":"https:\/\/commerce.ohal.vn\/#\/schema\/logo\/image\/"}}]}},"jetpack_sharing_enabled":true,"_links":{"self":[{"href":"https:\/\/commerce.ohal.vn\/index.php\/wp-json\/wp\/v2\/product\/667","targetHints":{"allow":["GET"]}}],"collection":[{"href":"https:\/\/commerce.ohal.vn\/index.php\/wp-json\/wp\/v2\/product"}],"about":[{"href":"https:\/\/commerce.ohal.vn\/index.php\/wp-json\/wp\/v2\/types\/product"}],"replies":[{"embeddable":true,"href":"https:\/\/commerce.ohal.vn\/index.php\/wp-json\/wp\/v2\/comments?post=667"}],"wp:featuredmedia":[{"embeddable":true,"href":"https:\/\/commerce.ohal.vn\/index.php\/wp-json\/wp\/v2\/media\/715"}],"wp:attachment":[{"href":"https:\/\/commerce.ohal.vn\/index.php\/wp-json\/wp\/v2\/media?parent=667"}],"wp:term":[{"taxonomy":"product_brand","embeddable":true,"href":"https:\/\/commerce.ohal.vn\/index.php\/wp-json\/wp\/v2\/product_brand?post=667"},{"taxonomy":"product_cat","embeddable":true,"href":"https:\/\/commerce.ohal.vn\/index.php\/wp-json\/wp\/v2\/product_cat?post=667"},{"taxonomy":"product_tag","embeddable":true,"href":"https:\/\/commerce.ohal.vn\/index.php\/wp-json\/wp\/v2\/product_tag?post=667"}],"curies":[{"name":"wp","href":"https:\/\/api.w.org\/{rel}","templated":true}]}}