{"id":590,"date":"2024-04-19T15:56:17","date_gmt":"2024-04-19T08:56:17","guid":{"rendered":"https:\/\/commerce.ohal.vn\/?post_type=product&#038;p=590"},"modified":"2025-09-09T08:42:49","modified_gmt":"2025-09-09T01:42:49","slug":"sua-chua-linh-chi-say-thang-hoa-ohal","status":"publish","type":"product","link":"https:\/\/commerce.ohal.vn\/index.php\/san-pham\/sua-chua-linh-chi-say-thang-hoa-ohal\/","title":{"rendered":"S\u1eefa chua Linh chi s\u1ea5y th\u0103ng hoa OHAL"},"content":{"rendered":"<p>S\u1eefa chua kh\u00f4 linh chi s\u1ea5y th\u0103ng hoa, b\u1ea1n \u0111\u00e3 nghe qua? Tr\u00ean c\u00e1c s\u00e0n th\u01b0\u01a1ng m\u1ea1i \u0111i\u1ec7n t\u1eed hay trong c\u00e1c c\u1eeda h\u00e0ng v\u00e0 si\u00eau th\u1ecb, ch\u00fang ta c\u00f3 th\u1ec3 \u0111\u00e3 t\u1eebng g\u1eb7p qua s\u1ea3n ph\u1ea9m S\u1eefa chua s\u1ea5y th\u0103ng hoa. V\u1eady s\u1eefa chua s\u1ea5y th\u0103ng hoa l\u00e0 g\u00ec? t\u1ea1i sao s\u1eefa chua l\u1ea1i c\u00f3 th\u1ec3 s\u1ea5y kh\u00f4 \u0111\u01b0\u1ee3c?<\/p>\n<h2 class=\"wp-block-heading has-medium-font-size\">S\u1eefa chua<\/h2>\n<p><strong><a href=\"https:\/\/vi.wikipedia.org\/wiki\/S%E1%BB%AFa_chua\">S\u1eefa chua\u00a0<\/a><\/strong>l\u00e0 m\u1ed9t s\u1ea3n ph\u1ea9m t\u1eeb s\u1eefa \u0111\u01b0\u1ee3c t\u1ea1o ra b\u1edfi vi khu\u1ea9n l\u00ean men s\u1eefa. S\u1eefa chua c\u00f3 m\u00e0u tr\u1eafng, c\u00f3 v\u1ecb chua do qu\u00e1 tr\u00ecnh l\u00ean men c\u1ee7a \u0111\u01b0\u1eddng lactic k\u1ebft h\u1ee3p v\u1edbi v\u1ecb ng\u1ecdt t\u1eeb s\u1eefa. Trong s\u1eefa chua c\u00f3 r\u1ea5t nhi\u1ec1u kho\u00e1ng ch\u1ea5t nh\u01b0: Canxi, k\u1ebdm, axit lactic, vitamin A, vitamin C\u2026 V\u00ec v\u1eady h\u00e0m l\u01b0\u1ee3ng dinh d\u01b0\u1ee1ng trong lo\u1ea1i th\u1ef1c ph\u1ea9m n\u00e0y r\u1ea5t cao.<\/p>\n<h2 class=\"wp-block-heading has-medium-font-size\"><strong>\u0110\u1eb7c \u0111i\u1ec3m c\u1ee7a s\u1eefa chua linh chi s\u1ea5y th\u0103ng hoa<\/strong><\/h2>\n<p><img fetchpriority=\"high\" decoding=\"async\" class=\"alignnone wp-image-591 size-medium\" src=\"https:\/\/commerce.ohal.vn\/wp-content\/uploads\/2024\/04\/3cc1504ed93c77622e2d9-225x300.jpg\" alt=\"sua chua linh chi say thang hoa\" width=\"225\" height=\"300\" srcset=\"https:\/\/commerce.ohal.vn\/wp-content\/uploads\/2024\/04\/3cc1504ed93c77622e2d9-225x300.jpg 225w, https:\/\/commerce.ohal.vn\/wp-content\/uploads\/2024\/04\/3cc1504ed93c77622e2d9-767x1024.jpg 767w, https:\/\/commerce.ohal.vn\/wp-content\/uploads\/2024\/04\/3cc1504ed93c77622e2d9-768x1025.jpg 768w, https:\/\/commerce.ohal.vn\/wp-content\/uploads\/2024\/04\/3cc1504ed93c77622e2d9-600x801.jpg 600w, https:\/\/commerce.ohal.vn\/wp-content\/uploads\/2024\/04\/3cc1504ed93c77622e2d9.jpg 956w\" sizes=\"(max-width: 225px) 100vw, 225px\" \/><\/p>\n<p>S\u1eefa chua linh chi khi s\u1ea5y b\u1eb1ng m\u00e1y s\u1ea5y th\u0103ng hoa s\u1ebd c\u00f3 c\u00e1c \u0111\u1eb7c \u0111i\u1ec3m sau:<\/p>\n<p>Uu <strong>\u0111i\u1ec3m<\/strong>\u00a0l\u00e0 gi\u1eef nguy\u00ean h\u00ecnh d\u1ea1ng t\u1ea1o h\u00ecnh ban \u0111\u1ea7u, k\u1ebft c\u1ea5u b\u1ed9t x\u1ed1p, d\u00f9ng tay b\u00f3p v\u1ee5n d\u1ec5 d\u00e0ng, \u0111\u00e2y c\u0169ng ch\u00ednh l\u00e0 c\u00e1ch l\u00e0m\u00a0<strong>s\u1eefa<\/strong>\u00a0b\u1ed9t t\u1eeb\u00a0<strong>s\u1eefa<\/strong>\u00a0t\u01b0\u01a1i nguy\u00ean nh\u1ea5t.<\/p>\n<p><strong>S\u1eefa<\/strong>\u00a0\u0111\u01b0\u1ee3c\u00a0<strong>s\u1ea5y<\/strong>\u00a0kh\u00f4 \u1edf nhi\u1ec7t \u0111\u1ed9 \u00e2m n\u00ean lu\u00f4n \u0111\u1ea3m b\u1ea3o ch\u1ea5t l\u01b0\u1ee3ng t\u1eeb m\u00e0u s\u1eafc t\u1edbi gi\u00e1 tr\u1ecb dinh d\u01b0\u1ee1ng trong\u00a0<strong>s\u1eefa<\/strong>\u00a0kh\u00f4ng thay \u0111\u1ed5i.<\/p>\n<p><a href=\"https:\/\/ohal.vn\/index.php\/2024\/03\/21\/nam-linh-chi-va-nhung-dieu-can-biet\/\">N\u1ea5m linh c<\/a><a href=\"https:\/\/commerce.ohal.vn\/index.php\/san-pham\/nam-linh-chi-linh-chi-do-xich-chi-on-dinh-huyet-ap\/\">hi<\/a>\u00a0th\u01b0\u1eddng c\u00f3 v\u1ecb \u0111\u1eafng n\u00ean s\u1ebd kh\u00f3 d\u00f9ng v\u1edbi \u0111\u1ea1i \u0111a s\u1ed1 ng\u01b0\u1eddi d\u00f9ng n\u00ean vi\u1ec7c k\u1ebft h\u1ee3p v\u1edbi s\u1eefa chua s\u1ebd gi\u00fap d\u1ec5 \u0103n h\u01a1n do h\u01b0\u01a1ng v\u1ecb th\u01a1m ngon.<\/p>\n<p>V\u00ec s\u1ea5y th\u0103ng hoa n\u00ean sau qu\u00e1 tr\u00ecnh s\u1ea5y, s\u1eefa chua \u0111\u00e3 \u0111\u01b0\u1ee3c t\u00e1ch n\u01b0\u1edbc ho\u00e0n to\u00e0n, v\u00ec th\u1ebf khi b\u1ecf v\u00e0o mi\u1ec7ng, s\u1eefa chua s\u1ebd tan ngay trong mi\u1ec7ng m\u00e0 kh\u00f4ng lo b\u1ecb h\u00f3c. C\u0169ng ch\u00ednh v\u00ec \u01b0u \u0111i\u1ec3m n\u00e0y m\u00e0 hi\u1ec7n nay s\u1ea3n ph\u1ea9m n\u00e0y kh\u00f4ng nh\u1eefng \u0111\u01b0\u1ee3c c\u00e1c b\u00e0 m\u1eb9 \u01b0a chu\u1ed9ng mua cho con m\u00ecnh, c\u00e1c b\u00e9 c\u0169ng r\u1ea5t th\u00edch v\u1edbi m\u00f3n \u0103n v\u1eb7t ti\u1ec7n l\u1ee3i n\u00e0y, m\u00e0 c\u00f2n c\u00f3 s\u1ef1 y\u00eau d\u00f9ng c\u1ee7a m\u1ecdi l\u1ee9a tu\u1ed5i t\u1eeb thanh ni\u00ean t\u1edbi c\u00e1c c\u1ee5 l\u1edbn tu\u1ed5i c\u0169ng r\u1ea5t th\u00edch \u0103n.<\/p>\n<p>\u0110i\u1ec3m \u0111\u1eb7c bi\u1ec7t l\u00e0 s\u1eefa chua linh chi \u0111\u00e3 \u0111\u01b0\u1ee3c s\u1ea5y kh\u00f4 n\u00ean kh\u00f4ng c\u1ea7n b\u1ecf v\u00e0o t\u1ee7 m\u00e1t \u0111\u1ec3 b\u1ea3o qu\u1ea3n m\u00e0 b\u1ea1n c\u00f3 th\u1ec3 d\u00f9ng \u1edf m\u1ecdi l\u00fac v\u00e0 m\u1ecdi n\u01a1i.<\/p>\n<h2 class=\"wp-block-heading has-medium-font-size\"><strong>L\u1ee3i \u00edch cho s\u1ee9c kh\u1ecfe c\u1ee7a <\/strong><strong>s\u1eefa chua linh chi s\u1ea5y th\u0103ng hoa<\/strong><\/h2>\n<p>S\u1eefa chua Linh chi s\u1ea5y th\u0103ng hoa v\u1edbi h\u01b0\u01a1ng v\u1ecb th\u01a1m ngon \u0111\u01b0\u1ee3c h\u00ecnh th\u00e0nh trong qu\u00e1 tr\u00ecnh l\u00ean men t\u1ef1 nhi\u00ean n\u00ean mang l\u1ea1i r\u1ea5t nhi\u1ec1u l\u1ee3i \u00edch cho s\u1ee9c kh\u1ecfe. C\u00e1c th\u00e0nh ph\u1ea7n c\u00f3 trong s\u1eefa chua linh chi gi\u00fap gi\u1ea3i nhi\u1ec7t v\u00e0 l\u00e0m m\u00e1t cho c\u01a1 th\u1ec3 v\u00e0o nh\u1eefng ng\u00e0y n\u1eafng n\u00f3ng, oi b\u1ee9c. Ngo\u00e0i ra, s\u1eefa chua linh chi c\u00f2n ch\u1ee9a c\u00e1c vi khu\u1ea9n c\u00f3 l\u1ee3i cho \u0111\u01b0\u1eddng ru\u1ed9t v\u00e0 h\u1ec7 ti\u00eau h\u00f3a. Kh\u00f4ng ch\u1ec9 v\u1eady, s\u1eefa chua linh chi c\u00f2n c\u00f3 c\u00e1c ch\u1ea5t gi\u00fap t\u0103ng c\u01b0\u1eddng h\u1ec7 mi\u1ec5n d\u1ecbch, h\u1ed7 tr\u1ee3 gi\u1ea3m c\u00e2n v\u00e0 gi\u00fap l\u00e0m \u0111\u1eb9p da.<\/p>\n<p>Hi\u1ec7n t\u1ea1i S\u1eefa chua Linh chi s\u1ea5y th\u0103ng hoa l\u00e0 d\u1ea1ng S\u1eeeA CHUA D\u01af\u1ee2C LI\u1ec6U \u0111ang \u0111\u01b0\u1ee3c OHAL ph\u00e1t tri\u1ec3n trong ph\u00e2n kh\u00fac s\u1ea3n ph\u1ea9m B\u1ea2O V\u1ec6 S\u1ee8C KH\u1eceE v\u00e0 \u0111\u00e2y c\u0169ng l\u00e0 giai \u0111o\u1ea1n kh\u1ea3o s\u00e1t, nghi\u00ean c\u1ee9u th\u1ecb tr\u01b0\u1eddng \u0111\u1ec3 \u0111\u01b0a ra s\u1ea3n ph\u1ea9m t\u1ed1i \u01b0u nh\u1ea5t cho ng\u01b0\u1eddi d\u00f9ng.<\/p>\n<h2 class=\"wp-block-heading has-medium-font-size\"><strong>C\u00f4ng ngh\u1ec7 S\u1ea5y th\u0103ng hoa l\u00e0 g\u00ec?<\/strong><\/h2>\n<p>\u0110\u00e2y l\u00e0 thi\u1ebft b\u1ecb s\u1ea5y \u0111\u1eb7c bi\u1ec7t v\u00ec c\u00f3 nhi\u1ec7t \u0111\u1ed9 s\u1ea5y \u00e2m r\u1ea5t th\u1ea5p, t\u1eeb -20 \u0111\u1ed9 \u0111\u1ebfn 40 \u0111\u1ed9 C. \u00c1p su\u1ea5t trong bu\u1ed3ng s\u1ea5y c\u0169ng g\u1ea7n \u0111\u1ea1t m\u1ee9c \u0111\u1ed9 \u00e1p su\u1ea5t ch\u00e2n kh\u00f4ng b\u1edfi qu\u00e1 tr\u00ecnh th\u0103ng hoa ch\u1ec9 x\u1ea3y ra hi\u1ec7u qu\u1ea3 khi \u00e1p su\u1ea5t th\u1ea5p v\u00e0 nhi\u1ec7t \u0111\u1ed9 th\u1ea5p. H\u01a1i n\u01b0\u1edbc tho\u00e1t ra t\u1eeb s\u1ea3n ph\u1ea9m s\u1ebd \u0111\u01b0\u1ee3c ng\u01b0ng t\u1ee5 l\u1ea1i t\u1ea1i bu\u1ed3ng ph\u1ee5 sau \u0111\u00f3 \u0111\u01b0\u1ee3c r\u00e3 \u0111\u00f4ng v\u00e0 x\u1ea3 n\u01b0\u1edbc ra ngo\u00e0i. Qu\u00e1 tr\u00ecnh s\u1ea5y th\u0103ng hoa kh\u00e1 ph\u1ee9c t\u1ea1p v\u00e0 t\u1ed1n nhi\u1ec1u th\u1eddi gian, v\u00ec v\u1eady s\u1ea5y s\u1eefa chua s\u1ea5y th\u0103ng hoa \u0111\u01b0\u1ee3c s\u1ea5y t\u1eeb 36 \u0111\u1ebfn 38 ti\u1ebfng m\u1edbi \u0111\u1ea3m b\u1ea3o \u0111\u01b0\u1ee3c y\u00eau c\u1ea7u.<\/p>\n","protected":false},"excerpt":{"rendered":"<p>S\u1eefa chua Linh chi s\u1ea5y th\u0103ng hoa \ud83c\udf47\ud83d\udcab: T\u1eadn h\u01b0\u1edfng h\u01b0\u01a1ng v\u1ecb tuy\u1ec7t v\u1eddi v\u00e0 l\u1ee3i \u00edch s\u1ee9c kh\u1ecfe c\u1ee7a s\u1eefa chua Linh chi s\u1ea5y. Mua ngay \u0111\u1ec3 t\u0103ng s\u1ee9c \u0111\u1ec1 kh\u00e1ng v\u00e0 s\u1ea3ng kho\u00e1i c\u1ea3 ng\u00e0y.<\/p>\n","protected":false},"featured_media":591,"comment_status":"open","ping_status":"closed","template":"","meta":{"site-sidebar-layout":"default","site-content-layout":"default","ast-site-content-layout":"default","site-content-style":"default","site-sidebar-style":"default","ast-global-header-display":"","ast-banner-title-visibility":"","ast-main-header-display":"","ast-hfb-above-header-display":"","ast-hfb-below-header-display":"","ast-hfb-mobile-header-display":"","site-post-title":"","ast-breadcrumbs-content":"","ast-featured-img":"","footer-sml-layout":"","theme-transparent-header-meta":"default","adv-header-id-meta":"","stick-header-meta":"","header-above-stick-meta":"","header-main-stick-meta":"","header-below-stick-meta":"","astra-migrate-meta-layouts":"default","ast-page-background-enabled":"default","ast-page-background-meta":{"desktop":{"background-color":"var(--ast-global-color-4)","background-image":"","background-repeat":"repeat","background-position":"center center","background-size":"auto","background-attachment":"scroll","background-type":"","background-media":"","overlay-type":"","overlay-color":"","overlay-opacity":"","overlay-gradient":""},"tablet":{"background-color":"","background-image":"","background-repeat":"repeat","background-position":"center center","background-size":"auto","background-attachment":"scroll","background-type":"","background-media":"","overlay-type":"","overlay-color":"","overlay-opacity":"","overlay-gradient":""},"mobile":{"background-color":"","background-image":"","background-repeat":"repeat","background-position":"center center","background-size":"auto","background-attachment":"scroll","background-type":"","background-media":"","overlay-type":"","overlay-color":"","overlay-opacity":"","overlay-gradient":""}},"ast-content-background-meta":{"desktop":{"background-color":"var(--ast-global-color-5)","background-image":"","background-repeat":"repeat","background-position":"center center","background-size":"auto","background-attachment":"scroll","background-type":"","background-media":"","overlay-type":"","overlay-color":"","overlay-opacity":"","overlay-gradient":""},"tablet":{"background-color":"var(--ast-global-color-5)","background-image":"","background-repeat":"repeat","background-position":"center center","background-size":"auto","background-attachment":"scroll","background-type":"","background-media":"","overlay-type":"","overlay-color":"","overlay-opacity":"","overlay-gradient":""},"mobile":{"background-color":"var(--ast-global-color-5)","background-image":"","background-repeat":"repeat","background-position":"center center","background-size":"auto","background-attachment":"scroll","background-type":"","background-media":"","overlay-type":"","overlay-color":"","overlay-opacity":"","overlay-gradient":""}}},"product_brand":[],"product_cat":[23],"product_tag":[],"class_list":{"0":"post-590","1":"product","2":"type-product","3":"status-publish","4":"has-post-thumbnail","6":"product_cat-cham-soc-suc-khoe","7":"desktop-align-left","8":"tablet-align-left","9":"mobile-align-left","11":"first","12":"onbackorder","13":"taxable","14":"shipping-taxable","15":"product-type-simple"},"yoast_head":"<!-- This site is optimized with the Yoast SEO plugin v26.2 - https:\/\/yoast.com\/wordpress\/plugins\/seo\/ -->\n<title>S\u1eefa chua Linh chi s\u1ea5y th\u0103ng hoa OHAL - OHAL<\/title>\n<meta name=\"description\" content=\"S\u1eefa chua Linh chi s\u1ea5y th\u0103ng hoa \ud83c\udf47\ud83d\udcab: T\u1eadn h\u01b0\u1edfng h\u01b0\u01a1ng v\u1ecb tuy\u1ec7t v\u1eddi v\u00e0 l\u1ee3i \u00edch s\u1ee9c kh\u1ecfe c\u1ee7a s\u1eefa chua Linh chi s\u1ea5y. Mua ngay \u0111\u1ec3 t\u0103ng s\u1ee9c \u0111\u1ec1 kh\u00e1ng v\u00e0 s\u1ea3ng kho\u00e1i c\u1ea3 ng\u00e0y.\" \/>\n<meta name=\"robots\" content=\"index, follow, max-snippet:-1, max-image-preview:large, max-video-preview:-1\" \/>\n<link rel=\"canonical\" href=\"https:\/\/commerce.ohal.vn\/index.php\/san-pham\/sua-chua-linh-chi-say-thang-hoa-ohal\/\" \/>\n<meta property=\"og:locale\" content=\"vi_VN\" \/>\n<meta property=\"og:type\" content=\"article\" \/>\n<meta property=\"og:title\" content=\"S\u1eefa chua Linh chi s\u1ea5y th\u0103ng hoa OHAL - OHAL\" \/>\n<meta property=\"og:description\" content=\"S\u1eefa chua Linh chi s\u1ea5y th\u0103ng hoa \ud83c\udf47\ud83d\udcab: T\u1eadn h\u01b0\u1edfng h\u01b0\u01a1ng v\u1ecb tuy\u1ec7t v\u1eddi v\u00e0 l\u1ee3i \u00edch s\u1ee9c kh\u1ecfe c\u1ee7a s\u1eefa chua Linh chi s\u1ea5y. Mua ngay \u0111\u1ec3 t\u0103ng s\u1ee9c \u0111\u1ec1 kh\u00e1ng v\u00e0 s\u1ea3ng kho\u00e1i c\u1ea3 ng\u00e0y.\" \/>\n<meta property=\"og:url\" content=\"https:\/\/commerce.ohal.vn\/index.php\/san-pham\/sua-chua-linh-chi-say-thang-hoa-ohal\/\" \/>\n<meta property=\"og:site_name\" content=\"OHAL\" \/>\n<meta property=\"article:modified_time\" content=\"2025-09-09T01:42:49+00:00\" \/>\n<meta property=\"og:image\" content=\"https:\/\/commerce.ohal.vn\/wp-content\/uploads\/2024\/04\/3cc1504ed93c77622e2d9.jpg\" \/>\n\t<meta property=\"og:image:width\" content=\"956\" \/>\n\t<meta property=\"og:image:height\" content=\"1276\" \/>\n\t<meta property=\"og:image:type\" content=\"image\/jpeg\" \/>\n<meta name=\"twitter:card\" content=\"summary_large_image\" \/>\n<meta name=\"twitter:label1\" content=\"\u01af\u1edbc t\u00ednh th\u1eddi gian \u0111\u1ecdc\" \/>\n\t<meta name=\"twitter:data1\" content=\"5 ph\u00fat\" \/>\n<script type=\"application\/ld+json\" class=\"yoast-schema-graph\">{\"@context\":\"https:\/\/schema.org\",\"@graph\":[{\"@type\":\"WebPage\",\"@id\":\"https:\/\/commerce.ohal.vn\/index.php\/san-pham\/sua-chua-linh-chi-say-thang-hoa-ohal\/\",\"url\":\"https:\/\/commerce.ohal.vn\/index.php\/san-pham\/sua-chua-linh-chi-say-thang-hoa-ohal\/\",\"name\":\"S\u1eefa chua Linh chi s\u1ea5y th\u0103ng hoa OHAL - OHAL\",\"isPartOf\":{\"@id\":\"https:\/\/commerce.ohal.vn\/#website\"},\"primaryImageOfPage\":{\"@id\":\"https:\/\/commerce.ohal.vn\/index.php\/san-pham\/sua-chua-linh-chi-say-thang-hoa-ohal\/#primaryimage\"},\"image\":{\"@id\":\"https:\/\/commerce.ohal.vn\/index.php\/san-pham\/sua-chua-linh-chi-say-thang-hoa-ohal\/#primaryimage\"},\"thumbnailUrl\":\"https:\/\/commerce.ohal.vn\/wp-content\/uploads\/2024\/04\/3cc1504ed93c77622e2d9.jpg\",\"datePublished\":\"2024-04-19T08:56:17+00:00\",\"dateModified\":\"2025-09-09T01:42:49+00:00\",\"description\":\"S\u1eefa chua Linh chi s\u1ea5y th\u0103ng hoa \ud83c\udf47\ud83d\udcab: T\u1eadn h\u01b0\u1edfng h\u01b0\u01a1ng v\u1ecb tuy\u1ec7t v\u1eddi v\u00e0 l\u1ee3i \u00edch s\u1ee9c kh\u1ecfe c\u1ee7a s\u1eefa chua Linh chi s\u1ea5y. Mua ngay \u0111\u1ec3 t\u0103ng s\u1ee9c \u0111\u1ec1 kh\u00e1ng v\u00e0 s\u1ea3ng kho\u00e1i c\u1ea3 ng\u00e0y.\",\"breadcrumb\":{\"@id\":\"https:\/\/commerce.ohal.vn\/index.php\/san-pham\/sua-chua-linh-chi-say-thang-hoa-ohal\/#breadcrumb\"},\"inLanguage\":\"vi\",\"potentialAction\":[{\"@type\":\"ReadAction\",\"target\":[\"https:\/\/commerce.ohal.vn\/index.php\/san-pham\/sua-chua-linh-chi-say-thang-hoa-ohal\/\"]}]},{\"@type\":\"ImageObject\",\"inLanguage\":\"vi\",\"@id\":\"https:\/\/commerce.ohal.vn\/index.php\/san-pham\/sua-chua-linh-chi-say-thang-hoa-ohal\/#primaryimage\",\"url\":\"https:\/\/commerce.ohal.vn\/wp-content\/uploads\/2024\/04\/3cc1504ed93c77622e2d9.jpg\",\"contentUrl\":\"https:\/\/commerce.ohal.vn\/wp-content\/uploads\/2024\/04\/3cc1504ed93c77622e2d9.jpg\",\"width\":956,\"height\":1276},{\"@type\":\"BreadcrumbList\",\"@id\":\"https:\/\/commerce.ohal.vn\/index.php\/san-pham\/sua-chua-linh-chi-say-thang-hoa-ohal\/#breadcrumb\",\"itemListElement\":[{\"@type\":\"ListItem\",\"position\":1,\"name\":\"Trang ch\u1ee7\",\"item\":\"https:\/\/commerce.ohal.vn\/\"},{\"@type\":\"ListItem\",\"position\":2,\"name\":\"C\u1eeda h\u00e0ng\",\"item\":\"https:\/\/commerce.ohal.vn\/\"},{\"@type\":\"ListItem\",\"position\":3,\"name\":\"S\u1eefa chua Linh chi s\u1ea5y th\u0103ng hoa OHAL\"}]},{\"@type\":\"WebSite\",\"@id\":\"https:\/\/commerce.ohal.vn\/#website\",\"url\":\"https:\/\/commerce.ohal.vn\/\",\"name\":\"OHAL\",\"description\":\"S\u1ed1ng kh\u1ecfe c\u00f9ng OHAL\",\"publisher\":{\"@id\":\"https:\/\/commerce.ohal.vn\/#organization\"},\"potentialAction\":[{\"@type\":\"SearchAction\",\"target\":{\"@type\":\"EntryPoint\",\"urlTemplate\":\"https:\/\/commerce.ohal.vn\/?s={search_term_string}\"},\"query-input\":{\"@type\":\"PropertyValueSpecification\",\"valueRequired\":true,\"valueName\":\"search_term_string\"}}],\"inLanguage\":\"vi\"},{\"@type\":\"Organization\",\"@id\":\"https:\/\/commerce.ohal.vn\/#organization\",\"name\":\"OHAL\",\"url\":\"https:\/\/commerce.ohal.vn\/\",\"logo\":{\"@type\":\"ImageObject\",\"inLanguage\":\"vi\",\"@id\":\"https:\/\/commerce.ohal.vn\/#\/schema\/logo\/image\/\",\"url\":\"https:\/\/commerce.ohal.vn\/wp-content\/uploads\/2022\/05\/cropped-ohal-2-2.png\",\"contentUrl\":\"https:\/\/commerce.ohal.vn\/wp-content\/uploads\/2022\/05\/cropped-ohal-2-2.png\",\"width\":366,\"height\":143,\"caption\":\"OHAL\"},\"image\":{\"@id\":\"https:\/\/commerce.ohal.vn\/#\/schema\/logo\/image\/\"}}]}<\/script>\n<!-- \/ Yoast SEO plugin. -->","yoast_head_json":{"title":"S\u1eefa chua Linh chi s\u1ea5y th\u0103ng hoa OHAL - OHAL","description":"S\u1eefa chua Linh chi s\u1ea5y th\u0103ng hoa \ud83c\udf47\ud83d\udcab: T\u1eadn h\u01b0\u1edfng h\u01b0\u01a1ng v\u1ecb tuy\u1ec7t v\u1eddi v\u00e0 l\u1ee3i \u00edch s\u1ee9c kh\u1ecfe c\u1ee7a s\u1eefa chua Linh chi s\u1ea5y. Mua ngay \u0111\u1ec3 t\u0103ng s\u1ee9c \u0111\u1ec1 kh\u00e1ng v\u00e0 s\u1ea3ng kho\u00e1i c\u1ea3 ng\u00e0y.","robots":{"index":"index","follow":"follow","max-snippet":"max-snippet:-1","max-image-preview":"max-image-preview:large","max-video-preview":"max-video-preview:-1"},"canonical":"https:\/\/commerce.ohal.vn\/index.php\/san-pham\/sua-chua-linh-chi-say-thang-hoa-ohal\/","og_locale":"vi_VN","og_type":"article","og_title":"S\u1eefa chua Linh chi s\u1ea5y th\u0103ng hoa OHAL - OHAL","og_description":"S\u1eefa chua Linh chi s\u1ea5y th\u0103ng hoa \ud83c\udf47\ud83d\udcab: T\u1eadn h\u01b0\u1edfng h\u01b0\u01a1ng v\u1ecb tuy\u1ec7t v\u1eddi v\u00e0 l\u1ee3i \u00edch s\u1ee9c kh\u1ecfe c\u1ee7a s\u1eefa chua Linh chi s\u1ea5y. Mua ngay \u0111\u1ec3 t\u0103ng s\u1ee9c \u0111\u1ec1 kh\u00e1ng v\u00e0 s\u1ea3ng kho\u00e1i c\u1ea3 ng\u00e0y.","og_url":"https:\/\/commerce.ohal.vn\/index.php\/san-pham\/sua-chua-linh-chi-say-thang-hoa-ohal\/","og_site_name":"OHAL","article_modified_time":"2025-09-09T01:42:49+00:00","og_image":[{"width":956,"height":1276,"url":"https:\/\/commerce.ohal.vn\/wp-content\/uploads\/2024\/04\/3cc1504ed93c77622e2d9.jpg","type":"image\/jpeg"}],"twitter_card":"summary_large_image","twitter_misc":{"\u01af\u1edbc t\u00ednh th\u1eddi gian \u0111\u1ecdc":"5 ph\u00fat"},"schema":{"@context":"https:\/\/schema.org","@graph":[{"@type":"WebPage","@id":"https:\/\/commerce.ohal.vn\/index.php\/san-pham\/sua-chua-linh-chi-say-thang-hoa-ohal\/","url":"https:\/\/commerce.ohal.vn\/index.php\/san-pham\/sua-chua-linh-chi-say-thang-hoa-ohal\/","name":"S\u1eefa chua Linh chi s\u1ea5y th\u0103ng hoa OHAL - OHAL","isPartOf":{"@id":"https:\/\/commerce.ohal.vn\/#website"},"primaryImageOfPage":{"@id":"https:\/\/commerce.ohal.vn\/index.php\/san-pham\/sua-chua-linh-chi-say-thang-hoa-ohal\/#primaryimage"},"image":{"@id":"https:\/\/commerce.ohal.vn\/index.php\/san-pham\/sua-chua-linh-chi-say-thang-hoa-ohal\/#primaryimage"},"thumbnailUrl":"https:\/\/commerce.ohal.vn\/wp-content\/uploads\/2024\/04\/3cc1504ed93c77622e2d9.jpg","datePublished":"2024-04-19T08:56:17+00:00","dateModified":"2025-09-09T01:42:49+00:00","description":"S\u1eefa chua Linh chi s\u1ea5y th\u0103ng hoa \ud83c\udf47\ud83d\udcab: T\u1eadn h\u01b0\u1edfng h\u01b0\u01a1ng v\u1ecb tuy\u1ec7t v\u1eddi v\u00e0 l\u1ee3i \u00edch s\u1ee9c kh\u1ecfe c\u1ee7a s\u1eefa chua Linh chi s\u1ea5y. Mua ngay \u0111\u1ec3 t\u0103ng s\u1ee9c \u0111\u1ec1 kh\u00e1ng v\u00e0 s\u1ea3ng kho\u00e1i c\u1ea3 ng\u00e0y.","breadcrumb":{"@id":"https:\/\/commerce.ohal.vn\/index.php\/san-pham\/sua-chua-linh-chi-say-thang-hoa-ohal\/#breadcrumb"},"inLanguage":"vi","potentialAction":[{"@type":"ReadAction","target":["https:\/\/commerce.ohal.vn\/index.php\/san-pham\/sua-chua-linh-chi-say-thang-hoa-ohal\/"]}]},{"@type":"ImageObject","inLanguage":"vi","@id":"https:\/\/commerce.ohal.vn\/index.php\/san-pham\/sua-chua-linh-chi-say-thang-hoa-ohal\/#primaryimage","url":"https:\/\/commerce.ohal.vn\/wp-content\/uploads\/2024\/04\/3cc1504ed93c77622e2d9.jpg","contentUrl":"https:\/\/commerce.ohal.vn\/wp-content\/uploads\/2024\/04\/3cc1504ed93c77622e2d9.jpg","width":956,"height":1276},{"@type":"BreadcrumbList","@id":"https:\/\/commerce.ohal.vn\/index.php\/san-pham\/sua-chua-linh-chi-say-thang-hoa-ohal\/#breadcrumb","itemListElement":[{"@type":"ListItem","position":1,"name":"Trang ch\u1ee7","item":"https:\/\/commerce.ohal.vn\/"},{"@type":"ListItem","position":2,"name":"C\u1eeda h\u00e0ng","item":"https:\/\/commerce.ohal.vn\/"},{"@type":"ListItem","position":3,"name":"S\u1eefa chua Linh chi s\u1ea5y th\u0103ng hoa OHAL"}]},{"@type":"WebSite","@id":"https:\/\/commerce.ohal.vn\/#website","url":"https:\/\/commerce.ohal.vn\/","name":"OHAL","description":"S\u1ed1ng kh\u1ecfe c\u00f9ng OHAL","publisher":{"@id":"https:\/\/commerce.ohal.vn\/#organization"},"potentialAction":[{"@type":"SearchAction","target":{"@type":"EntryPoint","urlTemplate":"https:\/\/commerce.ohal.vn\/?s={search_term_string}"},"query-input":{"@type":"PropertyValueSpecification","valueRequired":true,"valueName":"search_term_string"}}],"inLanguage":"vi"},{"@type":"Organization","@id":"https:\/\/commerce.ohal.vn\/#organization","name":"OHAL","url":"https:\/\/commerce.ohal.vn\/","logo":{"@type":"ImageObject","inLanguage":"vi","@id":"https:\/\/commerce.ohal.vn\/#\/schema\/logo\/image\/","url":"https:\/\/commerce.ohal.vn\/wp-content\/uploads\/2022\/05\/cropped-ohal-2-2.png","contentUrl":"https:\/\/commerce.ohal.vn\/wp-content\/uploads\/2022\/05\/cropped-ohal-2-2.png","width":366,"height":143,"caption":"OHAL"},"image":{"@id":"https:\/\/commerce.ohal.vn\/#\/schema\/logo\/image\/"}}]}},"jetpack_sharing_enabled":true,"_links":{"self":[{"href":"https:\/\/commerce.ohal.vn\/index.php\/wp-json\/wp\/v2\/product\/590","targetHints":{"allow":["GET"]}}],"collection":[{"href":"https:\/\/commerce.ohal.vn\/index.php\/wp-json\/wp\/v2\/product"}],"about":[{"href":"https:\/\/commerce.ohal.vn\/index.php\/wp-json\/wp\/v2\/types\/product"}],"replies":[{"embeddable":true,"href":"https:\/\/commerce.ohal.vn\/index.php\/wp-json\/wp\/v2\/comments?post=590"}],"wp:featuredmedia":[{"embeddable":true,"href":"https:\/\/commerce.ohal.vn\/index.php\/wp-json\/wp\/v2\/media\/591"}],"wp:attachment":[{"href":"https:\/\/commerce.ohal.vn\/index.php\/wp-json\/wp\/v2\/media?parent=590"}],"wp:term":[{"taxonomy":"product_brand","embeddable":true,"href":"https:\/\/commerce.ohal.vn\/index.php\/wp-json\/wp\/v2\/product_brand?post=590"},{"taxonomy":"product_cat","embeddable":true,"href":"https:\/\/commerce.ohal.vn\/index.php\/wp-json\/wp\/v2\/product_cat?post=590"},{"taxonomy":"product_tag","embeddable":true,"href":"https:\/\/commerce.ohal.vn\/index.php\/wp-json\/wp\/v2\/product_tag?post=590"}],"curies":[{"name":"wp","href":"https:\/\/api.w.org\/{rel}","templated":true}]}}