{"id":381,"date":"2023-02-08T08:32:18","date_gmt":"2023-02-08T08:32:18","guid":{"rendered":"https:\/\/commerce.ohal.vn\/?post_type=product&#038;p=381"},"modified":"2024-09-04T00:00:53","modified_gmt":"2024-09-03T17:00:53","slug":"dong-trung-ha-thao-platium-ii","status":"publish","type":"product","link":"https:\/\/commerce.ohal.vn\/index.php\/san-pham\/dong-trung-ha-thao-platium-ii\/","title":{"rendered":"\u0110\u00f4ng tr\u00f9ng h\u1ea1 th\u1ea3o PLATIUM (II)"},"content":{"rendered":"<h2>D\u00f2ng \u0110\u00f4ng tr\u00f9ng h\u1ea1 th\u1ea3o Platium<\/h2>\n<p>D\u00f2ng Platium l\u00e0 d\u00f2ng n\u1ea5m \u0110\u00f4ng tr\u00f9ng h\u1ea1 th\u1ea3o cao c\u1ea5p \u0111\u01b0\u1ee3c l\u1ef1a ch\u1ecdn trong c\u1ea3 m\u1ed9t l\u00f4 s\u1ea5y. L\u00f4 s\u1ea5y n\u1ea5m tr\u01b0\u1edbc khi \u0111\u00f3ng g\u00f3i \u0111\u01b0\u1ee3c ph\u00e2n t\u00edch h\u00e0m l\u01b0\u1ee3ng d\u01b0\u1ee3c ch\u1ea5t ch\u1ec9 nh\u1eefng l\u00f4 \u0111\u1ea1t h\u00e0m l\u01b0\u1ee3ng d\u01b0\u1ee3c ch\u1ea5t m\u1edbi \u0111\u01b0\u1ee3c \u0111\u01b0a v\u00e0o ph\u00e2n lo\u1ea1i. Nh\u1eefng s\u1ee3i n\u1ea5m \u0111\u1ea1t \u0111\u1ee7 k\u00edch th\u01b0\u1edbc v\u1ec1 chi\u1ec1u d\u00e0i s\u1ee3i m\u1edbi \u0111\u01b0\u1ee3c ph\u00e2n v\u00e0o lo\u1ea1i Platium. Kh\u00e1c v\u1edbi d\u00f2ng Dimond d\u00f2ng Platium \u0111\u1ea1t s\u1ef1 \u0111\u1ed3ng \u0111\u1ec1u v\u1ec1 k\u00edch th\u01b0\u1edbc s\u1ee3i theo chi\u1ec1u d\u00e0i kh\u00f4ng \u0111\u1ec1 cao \u0111\u01b0\u1eddng k\u00ednh s\u1ee3i. \u1ede d\u00f2ng n\u00e0y c\u00e1c s\u1ee3i \u0111\u01b0\u1ee3c s\u1eafp x\u1ebfp \u0111\u1ec1u nhau v\u00e0o h\u0169 theo ch\u00ecu th\u1eb3ng \u0111\u1ee9ng r\u1ea5t ch\u1ec9nh chu. V\u00ec kh\u00f4ng quan t\u00e2m \u0111\u01b0\u1eddng k\u00ednh s\u1ee3i n\u00ean s\u1ed1 l\u01b0\u1ee3ng c\u0169ng nhi\u1ec1u h\u01a1n t\u1eeb \u0111\u00f3 gi\u00e1 th\u00e0nh c\u1ee7a lo\u1ea1i n\u00e0y c\u0169ng r\u1ebb h\u01a1n so v\u1edbi d\u00f2ng Dimond.<\/p>\n<p>&nbsp;<\/p>\n<h2><img fetchpriority=\"high\" decoding=\"async\" class=\"alignnone size-medium wp-image-399\" src=\"https:\/\/commerce.ohal.vn\/wp-content\/uploads\/2023\/02\/platinum-300x212.jpg\" alt=\"\" width=\"300\" height=\"212\" srcset=\"https:\/\/commerce.ohal.vn\/wp-content\/uploads\/2023\/02\/platinum-300x212.jpg 300w, https:\/\/commerce.ohal.vn\/wp-content\/uploads\/2023\/02\/platinum-768x543.jpg 768w, https:\/\/commerce.ohal.vn\/wp-content\/uploads\/2023\/02\/platinum-600x424.jpg 600w, https:\/\/commerce.ohal.vn\/wp-content\/uploads\/2023\/02\/platinum.jpg 877w\" sizes=\"(max-width: 300px) 100vw, 300px\" \/><\/h2>\n<h2><a href=\"https:\/\/vi.wikipedia.org\/wiki\/%C4%90%C3%B4ng_tr%C3%B9ng_h%E1%BA%A1_th%E1%BA%A3o\">\u0110\u00f4ng tr\u00f9ng h\u1ea1 th\u1ea3o<\/a>\u00a0(<em>Cordyceps militaris<\/em>)<\/h2>\n<p>Hi\u1ec7n nay s\u1ea3n ph\u1ea9m n\u1ea5m \u0111\u00f4ng tr\u00f9ng h\u1ea1 th\u1ea3o ng\u00e0y c\u00e0ng ph\u1ed5 bi\u1ebfn. Tuy nhi\u00ean b\u1ea1n c\u00f2n \u0111\u1eafn \u0111o v\u1ec1 ngu\u1ed3n g\u1ed1c c\u1ee7a s\u1ea3n ph\u1ea9m, gi\u00e1 c\u1ea3, qu\u00e1 nhi\u1ec1u th\u01b0\u01a1ng hi\u1ec7u tr\u00ean th\u1ecb tr\u01b0\u1eddng. Ngo\u00e0i ra th\u1ef1c h\u01b0 v\u1ec1 c\u00f4ng d\u1ee5ng c\u1ee7a s\u1ea3n ph\u1ea9m v\u00e0 d\u1ee5ng nh\u01b0 th\u1ebf n\u00e0o cho c\u00f3 hi\u1ec7u qu\u1ea3.<\/p>\n<p>S\u1ea3n ph\u1ea9m c\u1ee7a ch\u00fang t\u00f4i c\u00f3 th\u1ec3 gi\u00fap b\u1ea1n y\u00ean t\u00e2m v\u1ec1 nh\u1eefng th\u1eaft m\u1eaft tr\u00ean.<\/p>\n<h2>V\u1ec1 ngu\u1ed3n g\u1ed1c<\/h2>\n<p>\u0110\u00f4ng tr\u00f9ng h\u1ea1 th\u1ea3o t\u00e2y t\u1ea1ng \u0111\u01b0\u1ee3c bi\u1ebft \u0111\u1ebfn t\u1eeb xa x\u01b0a nh\u01b0 l\u00e0 m\u1ed9t v\u1ecb thu\u1ed1c cho vua ch\u00faa trung hoa kh\u00f4ng ph\u1ea3i ai c\u0169ng ti\u1ebfp c\u1eadn \u0111\u01b0\u1ee3c.<\/p>\n<p>T\u1ea1i th\u1eddi \u0111i\u1ec3m hi\u1ec7n t\u1ea1i c\u0169ng v\u1eady, s\u1ef1 kh\u1eafc nghi\u1ec7t v\u1ec1 m\u00f4i tr\u01b0\u1eddng sinh tr\u01b0\u1edfng c\u0169ng nh\u01b0 nh\u1eefng b\u00ed m\u1eadt v\u1ec1 \u0111\u00f4ng tr\u00f9ng h\u1ea1 th\u1ea3o t\u00e2y t\u1ea1ng v\u1eabn c\u00f2n r\u1ea5t nhi\u1ec1u b\u00ed \u1ea9n. Ch\u00ednh v\u00ec gi\u00e1 tr\u1ecb cao n\u00ean m\u1eb7c h\u00e0ng n\u00e0y xu\u1ea5t hi\u1ec7n r\u1ea5t nhi\u1ec1u h\u00e0ng gi\u1ea3, h\u00e0ng nh\u00e1i, h\u00e0ng k\u00e9m ch\u1ea5t l\u01b0\u1ee3ng.<br \/>\nV\u1edbi kh\u1ea3 n\u0103ng d\u01b0\u1eddng nh\u01b0 t\u01b0\u01a1ng t\u1ef1 gi\u1ed1ng t\u00e2y t\u1ea1ng, gi\u1ed1ng Cordyceps militaris c\u1ee7a ch\u00fang t\u00f4i l\u00e0 m\u1ed9t h\u1ecd h\u00e0ng v\u1edbi gi\u1ed1ng t\u00e2y t\u1ea1ng.<\/p>\n<p>\u0110\u01b0\u1ee3c nu\u00f4i tr\u1ed3ng nh\u00e2n t\u1ea1o ki\u1ec3m so\u00e1t c\u00e1c \u0111i\u1ec1u ki\u1ec7n sinh tr\u01b0\u1edfng v\u00e0 dinh d\u01b0\u1ee1ng nh\u1eb1m t\u1ed1i \u01b0u h\u00e0m l\u01b0\u1ee3ng d\u01b0\u1ee3c ch\u1ea5t. Ch\u00fang t\u00f4i s\u1eed d\u1ee5ng c\u00f4ng ngh\u1ec7 ti\u00ean ti\u1ebfn c\u1ee7a Tr\u01b0\u1eddng \u0111\u1ea1i h\u1ecdc Th\u1ee7 D\u1ea7u M\u1ed9t ph\u00e1t tri\u1ec3n trong nhi\u1ec1u n\u0103m n\u00ean \u0111\u1ea3m b\u1ea3o v\u1ec1 ngu\u1ed3n g\u1ed1c s\u1ea3n ph\u1ea9m.<\/p>\n<p>T\u00ecm hi\u1ec3u th\u00eam th\u00f4ng tin v\u1ec1 \u0111\u00f4ng tr\u00f9ng h\u1ea1 th\u1ea3o t\u1ea1i\u00a0<a href=\"https:\/\/iattdmu.edu.vn\/index.php\/nam-dong-trung-ha-thao\/\">N\u1ea5m \u0110\u00f4ng tr\u00f9ng h\u1ea1 th\u1ea3o \u2013 IAT-TDMU (iattdmu.edu.vn)<\/a><\/p>\n<h2>V\u1ec1 gi\u00e1 c\u1ea3 \u0111\u00f4ng tr\u00f9ng h\u1ea1 th\u1ea3o<\/h2>\n<p>Hi\u1ec7n nay, tr\u00ean th\u1ecb tr\u01b0\u1eddng c\u00f3 r\u1ea5t nhi\u1ec1u m\u1ee9c gi\u00e1 th\u1eadm ch\u00ed r\u1ea5t r\u1ebb tuy nhi\u00ean l\u1ea1i kh\u00f4ng \u0111\u1ea3m b\u1ea3o v\u1ec1 ch\u1ea5t l\u01b0\u1ee3ng.<\/p>\n<p>\u0110\u1ec3 ki\u1ec3m so\u00e1t ch\u1ea5t l\u01b0\u1ee3ng n\u1ea5m c\u1ea7n r\u1ea5t nhi\u1ec1u chi ph\u00ed t\u1eeb t\u1eeb trang thi\u1ebft b\u1ecb, v\u1eadt t\u01b0 ti\u00eau hao \u0111\u1ebfn ngu\u1ed3n nh\u00e2n c\u00f4ng k\u1ef9 thu\u1eadt cao. Tuy nhi\u00ean c\u0169ng v\u00ec th\u1ebf m\u00e0 gi\u00e1 tr\u1ecb c\u1ee7a s\u1ea3n ph\u1ea9m t\u01b0\u01a1ng x\u1ee9ng v\u1edbi gi\u00e1 tr\u1ecb c\u1ee7a n\u00f3.<\/p>\n<h2>C\u00f4ng d\u1ee5ng \u0111\u00f4ng tr\u00f9ng h\u1ea1 th\u1ea3o<\/h2>\n<p>Hi\u1ec7n nay c\u00e1c b\u1ea1n d\u1ec5 d\u00e0ng t\u00ecm th\u1ea5y c\u00e1c trang th\u00f4ng tin n\u00f3i v\u1ec1 c\u00f4ng d\u1ee5ng c\u1ee7a \u0111\u00f4ng tr\u00f9ng h\u1ea1 th\u1ea3o. Tuy nhi\u00ean m\u1ed9t s\u1ed1 c\u00f4ng d\u1ee5ng \u0111\u01b0\u1ee3c \u0111\u1ed3n th\u1ed5i ch\u01b0a c\u00f3 ki\u1ec3m ch\u1ee9ng.<\/p>\n<p>Nhi\u1ec1u nghi\u00ean c\u1ee9u khoa h\u1ecdc v\u00e0 c\u00e1c trang t\u1ea1p ch\u00ed khoa h\u1ecdc uy t\u00edn \u0111\u00e3 cho th\u1ea5y r\u1eb1ng lo\u00e0i n\u1ea5m n\u00e0y c\u00f3 t\u00e1c d\u1ee5ng :<\/p>\n<h3>H\u1ed6 TR\u1ee2 T\u0102NG C\u01af\u1edcNG H\u1ec6 MI\u1ec4N D\u1ecaCH<\/h3>\n<p>C.militaris ch\u1ee9a nhi\u1ec1u h\u1ee3p ch\u1ea5t c\u00f3 ho\u1ea1t t\u00ednh sinh h\u1ecdc nh\u01b0 polysaccharide, adenosine, cordycepin, mannitol, superoxide dismutase (SOD), carotenoids,\u2026 C\u00f3 c\u00f4ng d\u1ee5ng kh\u00e1ng kh\u1ed1i u, ch\u1ed1ng virus, \u0111i\u1ec1u h\u00f2a mi\u1ec5n d\u1ecbch v\u00e0 ch\u1ed1ng nhi\u1ec5m tr\u00f9ng.<\/p>\n<h3>H\u1ed6 TR\u1ee2 H\u1ea0N CH\u1ebe S\u1ef0 L\u00c3O H\u00d3A<\/h3>\n<p>B\u1ed5 sung ATP, ng\u0103n hi\u1ec7n t\u01b0\u1ee3ng thi\u1ebfu ATP d\u1eabn \u0111\u1ebfn hi\u1ec7n t\u01b0\u1ee3ng tho\u00e1i h\u00f3a v\u00e0 ch\u1ebft t\u1ebf b\u00e0o \u1edf ph\u1ee5 n\u1eef \u1edbn tu\u1ed5i. Kh\u00e1ng khu\u1ea9n, ch\u1ed1ng oxy h\u00f3a, ph\u1ee5c h\u1ed3i c\u00e1c t\u1ed5n th\u01b0\u01a1ng da. Ch\u1ed1ng l\u00e3o h\u00f3a.<\/p>\n<h3>H\u1ed6 TR\u1ee2 \u0110I\u1ec0U TR\u1eca UNG TH\u01af<\/h3>\n<p>Chi\u1ebft xu\u1ea5t c\u1ee7a n\u1ea5m \u0111\u01b0\u1ee3c d\u00f9ng \u0111\u1ec3 h\u1ed7 tr\u1ee3 h\u00f3a tr\u1ecb v\u00e0 x\u1ea1 tr\u1ecb. Do gi\u1ea3m \u0111\u01b0\u1ee3c c\u00e1c t\u00e1c d\u1ee5ng ph\u1ee5 c\u1ee7a b\u1ec7nh ung th\u01b0 nh\u01b0 bu\u1ed3n n\u00f4n, \u1ee9c ch\u1ebf t\u1ee7y x\u01b0\u01a1ng, thi\u1ebfu m\u00e1u v\u00e0 gi\u1ea3m s\u1ee9c \u0111\u1ec1 kh\u00e1ng.<\/p>\n<h2>C\u00e1ch d\u00f9ng<\/h2>\n<p>D\u00f9ng nh\u01b0 tr\u00e0: \u0111\u00e2y l\u00e0 c\u00e1ch d\u00f9ng \u0111\u01a1n gi\u1ea3n hi\u1ec7u qu\u1ea3 nh\u1ea5t, ch\u1ec9 c\u1ea7n h\u00e3m 0.5g s\u1ee3i kh\u00f4 v\u1edbi 150 ml n\u01b0\u1edbc s\u00f4i trong v\u00f2ng 5 ph\u00fat l\u00e0 c\u00f3 th\u1ec3 dung \u0111\u01b0\u1ee3c, b\u00e3 n\u1ea5m c\u00f3 th\u1ec3 \u0103n \u0111\u01b0\u1ee3c.<br \/>\nNg\u00e2m r\u01b0\u1ee3u: c\u00f3 th\u1ec3 ng\u00e2m t\u01b0\u01a1i ho\u1eb7c ng\u00e2m kh\u00f4 \u0111\u1ec1u \u0111\u01b0\u1ee3c. L\u01b0\u1ee3ng ng\u00e2m 100g (\u0111\u1ed1i v\u1edbi lo\u1ea1i t\u01b0\u01a1i) ho\u1eb7c 10g (\u0111\u1ed1i v\u1edbi lo\u1ea1i kh\u00f4) trong 2 l\u00edt r\u01b0\u1ee3u g\u1ea1o (ho\u1eb7c n\u1ebfp). \u0110\u1eb7t \u1edf n\u01a1i tho\u00e1ng m\u00e1t tr\u00e1nh \u00e1nh s\u00e1ng tr\u1ef1c ti\u1ebfp trong 20 ng\u00e0y l\u00e0 dung \u0111\u01b0\u1ee3c.<br \/>\nCh\u1ebf bi\u1ebfn m\u00f3n \u0103n: c\u00f3 th\u1ec3 s\u1eed d\u1ee5ng cho c\u00e1c m\u00f3n h\u1ea7m, x\u00e0o, canh\u2026 v\u1edbi l\u01b0\u1ee3ng d\u00f9ng kh\u00f4ng qu\u00e1 20g t\u01b0\u01a1i\/ ng\u00e0y\/ ng\u01b0\u1eddi ho\u1eb7c 2g kh\u00f4\/ ng\u00e0y\/ ng\u01b0\u1eddi.<\/p>\n<h2>C\u00e1ch b\u1ea3o qu\u1ea3n<\/h2>\n<p>B\u1ea3o b\u1ea3n s\u1ea3n ph\u1ea9m n\u01a1i kh\u00f4 r\u00e1o, tho\u00e1ng m\u00e1t tr\u00e1nh \u00e1nh s\u00e1ng tr\u1ef1c ti\u1ebfp.<\/p>\n<h2>V\u1ec1 giao h\u00e0ng v\u00e0 h\u1eadu m\u00e3i<\/h2>\n<p>C\u00e1c b\u1ea1n lu\u00f4n \u0111\u01b0\u1ee3c ki\u1ec3m tra h\u00e0ng tr\u01b0\u1edbc khi nh\u1eadn v\u00e0 s\u1ebd trong th\u1eddi gian s\u1edbm nh\u1ea5t c\u00f3 th\u1ec3. Ch\u00fang t\u00f4i s\u1ebd lu\u00f4n c\u00f3 nh\u1eefng ch\u00ednh s\u00e1ch t\u1ed1t cho nh\u1eefng kh\u00e1ch h\u00e0ng th\u00e2n thi\u1ebft.<\/p>\n<p>C\u00e1c s\u1ea3n ph\u1ea9m c\u00f3 th\u00e0nh ph\u1ea7n chi\u1ebft xu\u1ea5t n\u1ea5m \u0111\u00f4ng tr\u00f9ng h\u1ea1 th\u1ea3o:<\/p>\n<p><a href=\"https:\/\/ohal.vn\/index.php\/product\/cao-dong-trung-ha-thao-cordy-x\/\">Cao \u0111\u00f4ng tr\u00f9ng h\u1ea1 th\u1ea3o Cordy X \u2013 OHAL<\/a><\/p>\n<p><a href=\"https:\/\/ohal.vn\/index.php\/product\/cao-dong-trung-ha-thao-cordy-vital\/\">Cao \u0111\u00f4ng tr\u00f9ng h\u1ea1 th\u1ea3o Cordy vital \u2013 OHAL<\/a><\/p>\n","protected":false},"excerpt":{"rendered":"<p>D\u00f2ng \u0110\u00f4ng tr\u00f9ng h\u1ea1 th\u1ea3o Platium D\u00f2ng Platium l\u00e0 d\u00f2ng n\u1ea5m \u0110\u00f4ng tr\u00f9ng h\u1ea1 th\u1ea3o cao c\u1ea5p \u0111\u01b0\u1ee3c l\u1ef1a ch\u1ecdn trong c\u1ea3 m\u1ed9t l\u00f4 s\u1ea5y. L\u00f4 s\u1ea5y n\u1ea5m tr\u01b0\u1edbc khi \u0111\u00f3ng g\u00f3i \u0111\u01b0\u1ee3c ph\u00e2n t\u00edch h\u00e0m l\u01b0\u1ee3ng d\u01b0\u1ee3c ch\u1ea5t ch\u1ec9 nh\u1eefng l\u00f4 \u0111\u1ea1t h\u00e0m l\u01b0\u1ee3ng d\u01b0\u1ee3c ch\u1ea5t m\u1edbi \u0111\u01b0\u1ee3c \u0111\u01b0a v\u00e0o ph\u00e2n lo\u1ea1i. Nh\u1eefng s\u1ee3i [&hellip;]<\/p>\n","protected":false},"featured_media":403,"comment_status":"open","ping_status":"closed","template":"","meta":{"site-sidebar-layout":"default","site-content-layout":"default","ast-site-content-layout":"default","site-content-style":"default","site-sidebar-style":"default","ast-global-header-display":"","ast-banner-title-visibility":"","ast-main-header-display":"","ast-hfb-above-header-display":"","ast-hfb-below-header-display":"","ast-hfb-mobile-header-display":"","site-post-title":"","ast-breadcrumbs-content":"","ast-featured-img":"","footer-sml-layout":"","theme-transparent-header-meta":"default","adv-header-id-meta":"","stick-header-meta":"","header-above-stick-meta":"","header-main-stick-meta":"","header-below-stick-meta":"","astra-migrate-meta-layouts":"default","ast-page-background-enabled":"default","ast-page-background-meta":{"desktop":{"background-color":"var(--ast-global-color-4)","background-image":"","background-repeat":"repeat","background-position":"center center","background-size":"auto","background-attachment":"scroll","background-type":"","background-media":"","overlay-type":"","overlay-color":"","overlay-opacity":"","overlay-gradient":""},"tablet":{"background-color":"","background-image":"","background-repeat":"repeat","background-position":"center center","background-size":"auto","background-attachment":"scroll","background-type":"","background-media":"","overlay-type":"","overlay-color":"","overlay-opacity":"","overlay-gradient":""},"mobile":{"background-color":"","background-image":"","background-repeat":"repeat","background-position":"center center","background-size":"auto","background-attachment":"scroll","background-type":"","background-media":"","overlay-type":"","overlay-color":"","overlay-opacity":"","overlay-gradient":""}},"ast-content-background-meta":{"desktop":{"background-color":"var(--ast-global-color-5)","background-image":"","background-repeat":"repeat","background-position":"center center","background-size":"auto","background-attachment":"scroll","background-type":"","background-media":"","overlay-type":"","overlay-color":"","overlay-opacity":"","overlay-gradient":""},"tablet":{"background-color":"var(--ast-global-color-5)","background-image":"","background-repeat":"repeat","background-position":"center center","background-size":"auto","background-attachment":"scroll","background-type":"","background-media":"","overlay-type":"","overlay-color":"","overlay-opacity":"","overlay-gradient":""},"mobile":{"background-color":"var(--ast-global-color-5)","background-image":"","background-repeat":"repeat","background-position":"center center","background-size":"auto","background-attachment":"scroll","background-type":"","background-media":"","overlay-type":"","overlay-color":"","overlay-opacity":"","overlay-gradient":""}}},"product_brand":[],"product_cat":[23],"product_tag":[],"class_list":{"0":"post-381","1":"product","2":"type-product","3":"status-publish","4":"has-post-thumbnail","6":"product_cat-cham-soc-suc-khoe","7":"desktop-align-left","8":"tablet-align-left","9":"mobile-align-left","11":"first","12":"instock","13":"taxable","14":"shipping-taxable","15":"purchasable","16":"product-type-simple"},"yoast_head":"<!-- This site is optimized with the Yoast SEO plugin v26.2 - https:\/\/yoast.com\/wordpress\/plugins\/seo\/ -->\n<title>\u0110\u00f4ng tr\u00f9ng h\u1ea1 th\u1ea3o PLATIUM (II) - OHAL<\/title>\n<meta name=\"description\" content=\"\u0110\u00f4ng tr\u00f9ng h\u1ea1 th\u1ea3o Platium thu\u1ed9c d\u00f2ng nguy\u00ean s\u1ee3i r\u1ea5t ch\u1ec9nh chu ph\u00f9 h\u1ee3p l\u00e0 qu\u00e0 bi\u1ebfu t\u1eb7ng\" \/>\n<meta name=\"robots\" content=\"index, follow, max-snippet:-1, max-image-preview:large, max-video-preview:-1\" \/>\n<link rel=\"canonical\" href=\"https:\/\/commerce.ohal.vn\/index.php\/san-pham\/dong-trung-ha-thao-platium-ii\/\" \/>\n<meta property=\"og:locale\" content=\"vi_VN\" \/>\n<meta property=\"og:type\" content=\"article\" \/>\n<meta property=\"og:title\" content=\"\u0110\u00f4ng tr\u00f9ng h\u1ea1 th\u1ea3o PLATIUM (II) - OHAL\" \/>\n<meta property=\"og:description\" content=\"\u0110\u00f4ng tr\u00f9ng h\u1ea1 th\u1ea3o Platium thu\u1ed9c d\u00f2ng nguy\u00ean s\u1ee3i r\u1ea5t ch\u1ec9nh chu ph\u00f9 h\u1ee3p l\u00e0 qu\u00e0 bi\u1ebfu t\u1eb7ng\" \/>\n<meta property=\"og:url\" content=\"https:\/\/commerce.ohal.vn\/index.php\/san-pham\/dong-trung-ha-thao-platium-ii\/\" \/>\n<meta property=\"og:site_name\" content=\"OHAL\" \/>\n<meta property=\"article:modified_time\" content=\"2024-09-03T17:00:53+00:00\" \/>\n<meta property=\"og:image\" content=\"https:\/\/commerce.ohal.vn\/wp-content\/uploads\/2023\/02\/platinum-1.jpg\" \/>\n\t<meta property=\"og:image:width\" content=\"1353\" \/>\n\t<meta property=\"og:image:height\" content=\"929\" \/>\n\t<meta property=\"og:image:type\" content=\"image\/jpeg\" \/>\n<meta name=\"twitter:card\" content=\"summary_large_image\" \/>\n<meta name=\"twitter:label1\" content=\"\u01af\u1edbc t\u00ednh th\u1eddi gian \u0111\u1ecdc\" \/>\n\t<meta name=\"twitter:data1\" content=\"6 ph\u00fat\" \/>\n<script type=\"application\/ld+json\" class=\"yoast-schema-graph\">{\"@context\":\"https:\/\/schema.org\",\"@graph\":[{\"@type\":\"WebPage\",\"@id\":\"https:\/\/commerce.ohal.vn\/index.php\/san-pham\/dong-trung-ha-thao-platium-ii\/\",\"url\":\"https:\/\/commerce.ohal.vn\/index.php\/san-pham\/dong-trung-ha-thao-platium-ii\/\",\"name\":\"\u0110\u00f4ng tr\u00f9ng h\u1ea1 th\u1ea3o PLATIUM (II) - OHAL\",\"isPartOf\":{\"@id\":\"https:\/\/commerce.ohal.vn\/#website\"},\"primaryImageOfPage\":{\"@id\":\"https:\/\/commerce.ohal.vn\/index.php\/san-pham\/dong-trung-ha-thao-platium-ii\/#primaryimage\"},\"image\":{\"@id\":\"https:\/\/commerce.ohal.vn\/index.php\/san-pham\/dong-trung-ha-thao-platium-ii\/#primaryimage\"},\"thumbnailUrl\":\"https:\/\/commerce.ohal.vn\/wp-content\/uploads\/2023\/02\/platinum-1.jpg\",\"datePublished\":\"2023-02-08T08:32:18+00:00\",\"dateModified\":\"2024-09-03T17:00:53+00:00\",\"description\":\"\u0110\u00f4ng tr\u00f9ng h\u1ea1 th\u1ea3o Platium thu\u1ed9c d\u00f2ng nguy\u00ean s\u1ee3i r\u1ea5t ch\u1ec9nh chu ph\u00f9 h\u1ee3p l\u00e0 qu\u00e0 bi\u1ebfu t\u1eb7ng\",\"breadcrumb\":{\"@id\":\"https:\/\/commerce.ohal.vn\/index.php\/san-pham\/dong-trung-ha-thao-platium-ii\/#breadcrumb\"},\"inLanguage\":\"vi\",\"potentialAction\":[{\"@type\":\"ReadAction\",\"target\":[\"https:\/\/commerce.ohal.vn\/index.php\/san-pham\/dong-trung-ha-thao-platium-ii\/\"]}]},{\"@type\":\"ImageObject\",\"inLanguage\":\"vi\",\"@id\":\"https:\/\/commerce.ohal.vn\/index.php\/san-pham\/dong-trung-ha-thao-platium-ii\/#primaryimage\",\"url\":\"https:\/\/commerce.ohal.vn\/wp-content\/uploads\/2023\/02\/platinum-1.jpg\",\"contentUrl\":\"https:\/\/commerce.ohal.vn\/wp-content\/uploads\/2023\/02\/platinum-1.jpg\",\"width\":1353,\"height\":929},{\"@type\":\"BreadcrumbList\",\"@id\":\"https:\/\/commerce.ohal.vn\/index.php\/san-pham\/dong-trung-ha-thao-platium-ii\/#breadcrumb\",\"itemListElement\":[{\"@type\":\"ListItem\",\"position\":1,\"name\":\"Trang ch\u1ee7\",\"item\":\"https:\/\/commerce.ohal.vn\/\"},{\"@type\":\"ListItem\",\"position\":2,\"name\":\"C\u1eeda h\u00e0ng\",\"item\":\"https:\/\/commerce.ohal.vn\/\"},{\"@type\":\"ListItem\",\"position\":3,\"name\":\"\u0110\u00f4ng tr\u00f9ng h\u1ea1 th\u1ea3o PLATIUM (II)\"}]},{\"@type\":\"WebSite\",\"@id\":\"https:\/\/commerce.ohal.vn\/#website\",\"url\":\"https:\/\/commerce.ohal.vn\/\",\"name\":\"OHAL\",\"description\":\"S\u1ed1ng kh\u1ecfe c\u00f9ng OHAL\",\"publisher\":{\"@id\":\"https:\/\/commerce.ohal.vn\/#organization\"},\"potentialAction\":[{\"@type\":\"SearchAction\",\"target\":{\"@type\":\"EntryPoint\",\"urlTemplate\":\"https:\/\/commerce.ohal.vn\/?s={search_term_string}\"},\"query-input\":{\"@type\":\"PropertyValueSpecification\",\"valueRequired\":true,\"valueName\":\"search_term_string\"}}],\"inLanguage\":\"vi\"},{\"@type\":\"Organization\",\"@id\":\"https:\/\/commerce.ohal.vn\/#organization\",\"name\":\"OHAL\",\"url\":\"https:\/\/commerce.ohal.vn\/\",\"logo\":{\"@type\":\"ImageObject\",\"inLanguage\":\"vi\",\"@id\":\"https:\/\/commerce.ohal.vn\/#\/schema\/logo\/image\/\",\"url\":\"https:\/\/commerce.ohal.vn\/wp-content\/uploads\/2022\/05\/cropped-ohal-2-2.png\",\"contentUrl\":\"https:\/\/commerce.ohal.vn\/wp-content\/uploads\/2022\/05\/cropped-ohal-2-2.png\",\"width\":366,\"height\":143,\"caption\":\"OHAL\"},\"image\":{\"@id\":\"https:\/\/commerce.ohal.vn\/#\/schema\/logo\/image\/\"}}]}<\/script>\n<!-- \/ Yoast SEO plugin. -->","yoast_head_json":{"title":"\u0110\u00f4ng tr\u00f9ng h\u1ea1 th\u1ea3o PLATIUM (II) - OHAL","description":"\u0110\u00f4ng tr\u00f9ng h\u1ea1 th\u1ea3o Platium thu\u1ed9c d\u00f2ng nguy\u00ean s\u1ee3i r\u1ea5t ch\u1ec9nh chu ph\u00f9 h\u1ee3p l\u00e0 qu\u00e0 bi\u1ebfu t\u1eb7ng","robots":{"index":"index","follow":"follow","max-snippet":"max-snippet:-1","max-image-preview":"max-image-preview:large","max-video-preview":"max-video-preview:-1"},"canonical":"https:\/\/commerce.ohal.vn\/index.php\/san-pham\/dong-trung-ha-thao-platium-ii\/","og_locale":"vi_VN","og_type":"article","og_title":"\u0110\u00f4ng tr\u00f9ng h\u1ea1 th\u1ea3o PLATIUM (II) - OHAL","og_description":"\u0110\u00f4ng tr\u00f9ng h\u1ea1 th\u1ea3o Platium thu\u1ed9c d\u00f2ng nguy\u00ean s\u1ee3i r\u1ea5t ch\u1ec9nh chu ph\u00f9 h\u1ee3p l\u00e0 qu\u00e0 bi\u1ebfu t\u1eb7ng","og_url":"https:\/\/commerce.ohal.vn\/index.php\/san-pham\/dong-trung-ha-thao-platium-ii\/","og_site_name":"OHAL","article_modified_time":"2024-09-03T17:00:53+00:00","og_image":[{"width":1353,"height":929,"url":"https:\/\/commerce.ohal.vn\/wp-content\/uploads\/2023\/02\/platinum-1.jpg","type":"image\/jpeg"}],"twitter_card":"summary_large_image","twitter_misc":{"\u01af\u1edbc t\u00ednh th\u1eddi gian \u0111\u1ecdc":"6 ph\u00fat"},"schema":{"@context":"https:\/\/schema.org","@graph":[{"@type":"WebPage","@id":"https:\/\/commerce.ohal.vn\/index.php\/san-pham\/dong-trung-ha-thao-platium-ii\/","url":"https:\/\/commerce.ohal.vn\/index.php\/san-pham\/dong-trung-ha-thao-platium-ii\/","name":"\u0110\u00f4ng tr\u00f9ng h\u1ea1 th\u1ea3o PLATIUM (II) - OHAL","isPartOf":{"@id":"https:\/\/commerce.ohal.vn\/#website"},"primaryImageOfPage":{"@id":"https:\/\/commerce.ohal.vn\/index.php\/san-pham\/dong-trung-ha-thao-platium-ii\/#primaryimage"},"image":{"@id":"https:\/\/commerce.ohal.vn\/index.php\/san-pham\/dong-trung-ha-thao-platium-ii\/#primaryimage"},"thumbnailUrl":"https:\/\/commerce.ohal.vn\/wp-content\/uploads\/2023\/02\/platinum-1.jpg","datePublished":"2023-02-08T08:32:18+00:00","dateModified":"2024-09-03T17:00:53+00:00","description":"\u0110\u00f4ng tr\u00f9ng h\u1ea1 th\u1ea3o Platium thu\u1ed9c d\u00f2ng nguy\u00ean s\u1ee3i r\u1ea5t ch\u1ec9nh chu ph\u00f9 h\u1ee3p l\u00e0 qu\u00e0 bi\u1ebfu t\u1eb7ng","breadcrumb":{"@id":"https:\/\/commerce.ohal.vn\/index.php\/san-pham\/dong-trung-ha-thao-platium-ii\/#breadcrumb"},"inLanguage":"vi","potentialAction":[{"@type":"ReadAction","target":["https:\/\/commerce.ohal.vn\/index.php\/san-pham\/dong-trung-ha-thao-platium-ii\/"]}]},{"@type":"ImageObject","inLanguage":"vi","@id":"https:\/\/commerce.ohal.vn\/index.php\/san-pham\/dong-trung-ha-thao-platium-ii\/#primaryimage","url":"https:\/\/commerce.ohal.vn\/wp-content\/uploads\/2023\/02\/platinum-1.jpg","contentUrl":"https:\/\/commerce.ohal.vn\/wp-content\/uploads\/2023\/02\/platinum-1.jpg","width":1353,"height":929},{"@type":"BreadcrumbList","@id":"https:\/\/commerce.ohal.vn\/index.php\/san-pham\/dong-trung-ha-thao-platium-ii\/#breadcrumb","itemListElement":[{"@type":"ListItem","position":1,"name":"Trang ch\u1ee7","item":"https:\/\/commerce.ohal.vn\/"},{"@type":"ListItem","position":2,"name":"C\u1eeda h\u00e0ng","item":"https:\/\/commerce.ohal.vn\/"},{"@type":"ListItem","position":3,"name":"\u0110\u00f4ng tr\u00f9ng h\u1ea1 th\u1ea3o PLATIUM (II)"}]},{"@type":"WebSite","@id":"https:\/\/commerce.ohal.vn\/#website","url":"https:\/\/commerce.ohal.vn\/","name":"OHAL","description":"S\u1ed1ng kh\u1ecfe c\u00f9ng OHAL","publisher":{"@id":"https:\/\/commerce.ohal.vn\/#organization"},"potentialAction":[{"@type":"SearchAction","target":{"@type":"EntryPoint","urlTemplate":"https:\/\/commerce.ohal.vn\/?s={search_term_string}"},"query-input":{"@type":"PropertyValueSpecification","valueRequired":true,"valueName":"search_term_string"}}],"inLanguage":"vi"},{"@type":"Organization","@id":"https:\/\/commerce.ohal.vn\/#organization","name":"OHAL","url":"https:\/\/commerce.ohal.vn\/","logo":{"@type":"ImageObject","inLanguage":"vi","@id":"https:\/\/commerce.ohal.vn\/#\/schema\/logo\/image\/","url":"https:\/\/commerce.ohal.vn\/wp-content\/uploads\/2022\/05\/cropped-ohal-2-2.png","contentUrl":"https:\/\/commerce.ohal.vn\/wp-content\/uploads\/2022\/05\/cropped-ohal-2-2.png","width":366,"height":143,"caption":"OHAL"},"image":{"@id":"https:\/\/commerce.ohal.vn\/#\/schema\/logo\/image\/"}}]}},"jetpack_sharing_enabled":true,"_links":{"self":[{"href":"https:\/\/commerce.ohal.vn\/index.php\/wp-json\/wp\/v2\/product\/381","targetHints":{"allow":["GET"]}}],"collection":[{"href":"https:\/\/commerce.ohal.vn\/index.php\/wp-json\/wp\/v2\/product"}],"about":[{"href":"https:\/\/commerce.ohal.vn\/index.php\/wp-json\/wp\/v2\/types\/product"}],"replies":[{"embeddable":true,"href":"https:\/\/commerce.ohal.vn\/index.php\/wp-json\/wp\/v2\/comments?post=381"}],"wp:featuredmedia":[{"embeddable":true,"href":"https:\/\/commerce.ohal.vn\/index.php\/wp-json\/wp\/v2\/media\/403"}],"wp:attachment":[{"href":"https:\/\/commerce.ohal.vn\/index.php\/wp-json\/wp\/v2\/media?parent=381"}],"wp:term":[{"taxonomy":"product_brand","embeddable":true,"href":"https:\/\/commerce.ohal.vn\/index.php\/wp-json\/wp\/v2\/product_brand?post=381"},{"taxonomy":"product_cat","embeddable":true,"href":"https:\/\/commerce.ohal.vn\/index.php\/wp-json\/wp\/v2\/product_cat?post=381"},{"taxonomy":"product_tag","embeddable":true,"href":"https:\/\/commerce.ohal.vn\/index.php\/wp-json\/wp\/v2\/product_tag?post=381"}],"curies":[{"name":"wp","href":"https:\/\/api.w.org\/{rel}","templated":true}]}}