{"id":532,"date":"2024-04-16T08:59:35","date_gmt":"2024-04-16T01:59:35","guid":{"rendered":"https:\/\/commerce.ohal.vn\/?page_id=532"},"modified":"2025-10-23T15:43:40","modified_gmt":"2025-10-23T08:43:40","slug":"chinh-sach-kiem-hang","status":"publish","type":"page","link":"https:\/\/commerce.ohal.vn\/index.php\/chinh-sach\/chinh-sach-kiem-hang\/","title":{"rendered":"Ch\u00ednh s\u00e1ch ki\u1ec3m h\u00e0ng"},"content":{"rendered":"\t\t<div data-elementor-type=\"wp-page\" data-elementor-id=\"532\" class=\"elementor elementor-532\">\n\t\t\t\t\t\t<section class=\"elementor-section elementor-top-section elementor-element elementor-element-f3e4387 elementor-section-boxed elementor-section-height-default elementor-section-height-default\" data-id=\"f3e4387\" data-element_type=\"section\">\n\t\t\t\t\t\t<div class=\"elementor-container elementor-column-gap-default\">\n\t\t\t\t\t<div class=\"elementor-column elementor-col-100 elementor-top-column elementor-element elementor-element-1e51fc8\" data-id=\"1e51fc8\" data-element_type=\"column\">\n\t\t\t<div class=\"elementor-widget-wrap elementor-element-populated\">\n\t\t\t\t\t\t<div class=\"elementor-element elementor-element-1ce0c3f elementor-widget elementor-widget-text-editor\" data-id=\"1ce0c3f\" data-element_type=\"widget\" data-widget_type=\"text-editor.default\">\n\t\t\t\t<div class=\"elementor-widget-container\">\n\t\t\t\t\t\t\t\t\t<p><b>CH\u00cdNH S\u00c1CH KI\u1ec2M H\u00c0NG:<\/b><\/p><ol><li><b>\u0110\u1ecbnh ngh\u0129a.<\/b><\/li><\/ol><p>Ki\u1ec3m h\u00e0ng l\u00e0 th\u1ef1c hi\u1ec7n c\u00e1c c\u00f4ng vi\u1ec7c ki\u1ec3m tra v\u00e0 so s\u00e1nh c\u00e1c s\u1ea3n ph\u1ea9m\/h\u00e0ng h\u00f3a nh\u1eadn \u0111\u01b0\u1ee3c trong ki\u1ec7n h\u00e0ng OHAL g\u1eedi v\u1edbi c\u00e1c s\u1ea3n ph\u1ea9m trong \u0111\u01a1n h\u00e0ng kh\u00e1ch y\u00eau c\u1ea7u.<\/p><ol start=\"2\"><li><b>Quy \u0111\u1ecbnh<\/b><\/li><\/ol><ul><li>Th\u1eddi \u0111i\u1ec3m ki\u1ec3m h\u00e0ng.<\/li><\/ul><p>OHAL ch\u1ea5p nh\u1eadn cho kh\u00e1ch h\u00e0ng \u0111\u1ed3ng ki\u1ec3m v\u1edbi nh\u00e2n vi\u00ean giao h\u00e0ng t\u1ea1i th\u1eddi \u0111i\u1ec3m nh\u1eadn h\u00e0ng. Kh\u00f4ng h\u1ed7 tr\u1ee3 th\u1eed h\u00e0ng.<\/p><p>Sau khi nh\u1eadn h\u00e0ng, kh\u00e1ch h\u00e0ng ki\u1ec3m l\u1ea1i ph\u00e1t hi\u1ec7n sai, c\u00f3 th\u1ec3 li\u00ean l\u1ea1c v\u1edbi b\u1ed9 ph\u1eadn ch\u0103m s\u00f3c kh\u00e1ch h\u00e0ng \u0111\u1ec3 \u0111\u01b0\u1ee3c h\u1ed7 tr\u1ee3 \u0111\u1ed5i tr\u1ea3. L\u01b0u \u00fd, qu\u00fd kh\u00e1ch quay video l\u00fac m\u1edf th\u00f9ng h\u00e0ng \u0111\u1ec3 \u0111\u1ed1i chi\u1ebfu khi c\u1ea7n thi\u1ebft.<\/p><ul><li>Ph\u1ea1m vi ki\u1ec3m tra h\u00e0ng h\u00f3a.<\/li><\/ul><p>Kh\u00e1ch h\u00e0ng \u0111\u01b0\u1ee3c ki\u1ec3m tra c\u00e1c s\u1ea3n ph\u1ea9m th\u1ef1c nh\u1eadn, \u0111\u1ed1i chi\u1ebfu, so s\u00e1nh c\u00e1c s\u1ea3n ph\u1ea9m nh\u1eadn \u0111\u01b0\u1ee3c v\u1edbi s\u1ea3n ph\u1ea9m \u0111\u00e3 \u0111\u1eb7t tr\u00ean \u0111\u01a1n sau khi nh\u00e2n vi\u00ean OHAL x\u00e1c nh\u1eadn \u0111\u01a1n h\u00e0ng theo c\u00e1c ti\u00eau ch\u00ed: \u1ea3nh m\u1eabu, m\u00e3 s\u1ea3n ph\u1ea9m, th\u00f4ng tin v\u1ec1 s\u1ea3n ph\u1ea9m m\u00e0 OHAL cung c\u1ea5p.<\/p><p>Tuy\u1ec7t \u0111\u1ed1i kh\u00f4ng b\u00f3c, m\u1edf c\u00e1c h\u1ed9p s\u1ea3n ph\u1ea9m c\u00f3 tem ni\u00eam phong, tem \u0111\u1ea3m b\u1ea3o.<\/p><p>Kh\u00f4ng \u0111\u01b0\u1ee3c c\u00e0o l\u1ea5y m\u00e3 c\u00e1c s\u1ea3n ph\u1ea9m c\u00f3 t\u00edch \u0111i\u1ec3m, \u0111\u1ed5i qu\u00e0.<\/p><ul><li>C\u00e1c b\u01b0\u1edbc x\u1eed l\u00fd khi h\u00e0ng h\u00f3a nh\u1eadn \u0111\u01b0\u1ee3c kh\u00f4ng nh\u01b0 \u0111\u01a1n \u0111\u1eb7t h\u00e0ng.<\/li><\/ul><p>Khi qu\u00fd kh\u00e1ch \u0111\u1ed3ng ki\u1ec3m, s\u1ea3n ph\u1ea9m nh\u1eadn \u0111\u01b0\u1ee3c kh\u00f4ng nh\u01b0 s\u1ea3n ph\u1ea9m kh\u00e1ch \u0111\u1eb7t tr\u00ean \u0111\u01a1n h\u00e0ng. Xin h\u00e3y li\u00ean h\u1ec7 v\u1edbi hotline 0965468696 ho\u1eb7c email chamsockh.ohal@gmail.com\u00a0\u00a0\u0111\u1ec3 \u0111\u01b0\u1ee3c g\u1eb7p b\u1ed9 ph\u1eadn ch\u0103m s\u00f3c kh\u00e1ch h\u00e0ng x\u00e1c nh\u1eadn l\u1ea1i \u0111\u01a1n h\u00e0ng.<\/p><p>Tr\u01b0\u1eddng h\u1ee3p OHAL \u0111\u00f3ng sai \u0111\u01a1n h\u00e0ng theo y\u00eau c\u1ea7u c\u1ee7a kh\u00e1ch, kh\u00e1ch c\u00f3 th\u1ec3 kh\u00f4ng nh\u1eadn h\u00e0ng, kh\u00f4ng thanh to\u00e1n. Trong tr\u01b0\u1eddng h\u1ee3p \u0111\u01a1n h\u00e0ng \u0111\u00e3 thanh to\u00e1n, kh\u00e1ch h\u00e0ng c\u00f3 th\u1ec3 y\u00eau c\u1ea7u g\u1eedi l\u1ea1i \u0111\u01a1n m\u1edbi ho\u1eb7c kh\u00f4ng, OHAL s\u1ebd ho\u00e0n l\u1ea1i ti\u1ec1n cho qu\u00fd kh\u00e1ch trong th\u1eddi gian s\u1edbm nh\u1ea5t.<\/p><p>Tr\u01b0\u1eddng h\u1ee3p OHAL \u0111\u00f3ng h\u00e0ng \u0111\u00fang theo \u0111\u01a1n h\u00e0ng, nh\u01b0ng kh\u00e1ch h\u00e0ng thay \u0111\u1ed5i nhu c\u1ea7u, kh\u00e1ch h\u00e0ng c\u00f3 th\u1ec3 y\u00eau c\u1ea7u \u0111\u1ed5i tr\u1ea3 v\u00e0 \u00e1p d\u1ee5ng ch\u00ednh s\u00e1ch \u0111\u1ed5i tr\u1ea3 h\u00e0ng h\u00f3a. Tr\u01b0\u1eddng h\u1ee3p n\u00e0y kh\u00e1ch h\u00e0ng s\u1ebd thanh to\u00e1n chi ph\u00ed giao h\u00e0ng (n\u1ebfu c\u00f3).<\/p><ul><li>C\u00e1c k\u00eanh th\u00f4ng tin ti\u1ebfp nh\u1eadn khi\u1ebfu n\u1ea1i c\u1ee7a kh\u00e1ch h\u00e0ng.<\/li><\/ul><p>Ng\u01b0\u1eddi d\u00f9ng c\u00f3 th\u1ec3 g\u1eedi email t\u1edbi \u0111\u1ecba ch\u1ec9 chamsockh.ohal@gmail.com\u00a0ho\u1eb7c g\u1ecdi \u0111i\u1ec7n t\u1edbi Hotline\u00a0 0965468696\u00a0\u0111\u1ec3 \u0111i\u1ec1u ch\u1ec9nh ho\u1eb7c x\u00f3a \u0111i d\u1eef li\u1ec7u c\u00e1 nh\u00e2n c\u1ee7a m\u00ecnh.<\/p>\t\t\t\t\t\t\t\t<\/div>\n\t\t\t\t<\/div>\n\t\t\t\t\t<\/div>\n\t\t<\/div>\n\t\t\t\t\t<\/div>\n\t\t<\/section>\n\t\t\t\t<\/div>\n\t\t","protected":false},"excerpt":{"rendered":"<p>CH\u00cdNH S\u00c1CH KI\u1ec2M H\u00c0NG: \u0110\u1ecbnh ngh\u0129a. Ki\u1ec3m h\u00e0ng l\u00e0 th\u1ef1c hi\u1ec7n c\u00e1c c\u00f4ng vi\u1ec7c ki\u1ec3m tra v\u00e0 so s\u00e1nh c\u00e1c s\u1ea3n ph\u1ea9m\/h\u00e0ng h\u00f3a nh\u1eadn \u0111\u01b0\u1ee3c trong ki\u1ec7n h\u00e0ng OHAL g\u1eedi v\u1edbi c\u00e1c s\u1ea3n ph\u1ea9m trong \u0111\u01a1n h\u00e0ng kh\u00e1ch y\u00eau c\u1ea7u. Quy \u0111\u1ecbnh Th\u1eddi \u0111i\u1ec3m ki\u1ec3m h\u00e0ng. OHAL ch\u1ea5p nh\u1eadn cho kh\u00e1ch h\u00e0ng \u0111\u1ed3ng ki\u1ec3m v\u1edbi [&hellip;]<\/p>\n","protected":false},"author":1,"featured_media":0,"parent":31,"menu_order":0,"comment_status":"closed","ping_status":"closed","template":"","meta":{"site-sidebar-layout":"no-sidebar","site-content-layout":"page-builder","ast-site-content-layout":"default","site-content-style":"default","site-sidebar-style":"default","ast-global-header-display":"","ast-banner-title-visibility":"","ast-main-header-display":"","ast-hfb-above-header-display":"","ast-hfb-below-header-display":"","ast-hfb-mobile-header-display":"","site-post-title":"disabled","ast-breadcrumbs-content":"","ast-featured-img":"disabled","footer-sml-layout":"","theme-transparent-header-meta":"","adv-header-id-meta":"","stick-header-meta":"","header-above-stick-meta":"","header-main-stick-meta":"","header-below-stick-meta":"","astra-migrate-meta-layouts":"default","ast-page-background-enabled":"default","ast-page-background-meta":{"desktop":{"background-color":"var(--ast-global-color-4)","background-image":"","background-repeat":"repeat","background-position":"center center","background-size":"auto","background-attachment":"scroll","background-type":"","background-media":"","overlay-type":"","overlay-color":"","overlay-opacity":"","overlay-gradient":""},"tablet":{"background-color":"","background-image":"","background-repeat":"repeat","background-position":"center center","background-size":"auto","background-attachment":"scroll","background-type":"","background-media":"","overlay-type":"","overlay-color":"","overlay-opacity":"","overlay-gradient":""},"mobile":{"background-color":"","background-image":"","background-repeat":"repeat","background-position":"center center","background-size":"auto","background-attachment":"scroll","background-type":"","background-media":"","overlay-type":"","overlay-color":"","overlay-opacity":"","overlay-gradient":""}},"ast-content-background-meta":{"desktop":{"background-color":"var(--ast-global-color-5)","background-image":"","background-repeat":"repeat","background-position":"center center","background-size":"auto","background-attachment":"scroll","background-type":"","background-media":"","overlay-type":"","overlay-color":"","overlay-opacity":"","overlay-gradient":""},"tablet":{"background-color":"var(--ast-global-color-5)","background-image":"","background-repeat":"repeat","background-position":"center center","background-size":"auto","background-attachment":"scroll","background-type":"","background-media":"","overlay-type":"","overlay-color":"","overlay-opacity":"","overlay-gradient":""},"mobile":{"background-color":"var(--ast-global-color-5)","background-image":"","background-repeat":"repeat","background-position":"center center","background-size":"auto","background-attachment":"scroll","background-type":"","background-media":"","overlay-type":"","overlay-color":"","overlay-opacity":"","overlay-gradient":""}},"footnotes":""},"class_list":["post-532","page","type-page","status-publish","hentry"],"yoast_head":"<!-- This site is optimized with the Yoast SEO plugin v26.2 - https:\/\/yoast.com\/wordpress\/plugins\/seo\/ -->\n<title>Ch\u00ednh s\u00e1ch ki\u1ec3m h\u00e0ng - OHAL<\/title>\n<meta name=\"robots\" content=\"index, follow, max-snippet:-1, max-image-preview:large, max-video-preview:-1\" \/>\n<link rel=\"canonical\" href=\"https:\/\/commerce.ohal.vn\/index.php\/chinh-sach\/chinh-sach-kiem-hang\/\" \/>\n<meta property=\"og:locale\" content=\"vi_VN\" \/>\n<meta property=\"og:type\" content=\"article\" \/>\n<meta property=\"og:title\" content=\"Ch\u00ednh s\u00e1ch ki\u1ec3m h\u00e0ng - OHAL\" \/>\n<meta property=\"og:description\" content=\"CH\u00cdNH S\u00c1CH KI\u1ec2M H\u00c0NG: \u0110\u1ecbnh ngh\u0129a. Ki\u1ec3m h\u00e0ng l\u00e0 th\u1ef1c hi\u1ec7n c\u00e1c c\u00f4ng vi\u1ec7c ki\u1ec3m tra v\u00e0 so s\u00e1nh c\u00e1c s\u1ea3n ph\u1ea9m\/h\u00e0ng h\u00f3a nh\u1eadn \u0111\u01b0\u1ee3c trong ki\u1ec7n h\u00e0ng OHAL g\u1eedi v\u1edbi c\u00e1c s\u1ea3n ph\u1ea9m trong \u0111\u01a1n h\u00e0ng kh\u00e1ch y\u00eau c\u1ea7u. Quy \u0111\u1ecbnh Th\u1eddi \u0111i\u1ec3m ki\u1ec3m h\u00e0ng. OHAL ch\u1ea5p nh\u1eadn cho kh\u00e1ch h\u00e0ng \u0111\u1ed3ng ki\u1ec3m v\u1edbi [&hellip;]\" \/>\n<meta property=\"og:url\" content=\"https:\/\/commerce.ohal.vn\/index.php\/chinh-sach\/chinh-sach-kiem-hang\/\" \/>\n<meta property=\"og:site_name\" content=\"OHAL\" \/>\n<meta property=\"article:modified_time\" content=\"2025-10-23T08:43:40+00:00\" \/>\n<meta name=\"twitter:card\" content=\"summary_large_image\" \/>\n<meta name=\"twitter:label1\" content=\"\u01af\u1edbc t\u00ednh th\u1eddi gian \u0111\u1ecdc\" \/>\n\t<meta name=\"twitter:data1\" content=\"3 ph\u00fat\" \/>\n<script type=\"application\/ld+json\" class=\"yoast-schema-graph\">{\"@context\":\"https:\/\/schema.org\",\"@graph\":[{\"@type\":\"WebPage\",\"@id\":\"https:\/\/commerce.ohal.vn\/index.php\/chinh-sach\/chinh-sach-kiem-hang\/\",\"url\":\"https:\/\/commerce.ohal.vn\/index.php\/chinh-sach\/chinh-sach-kiem-hang\/\",\"name\":\"Ch\u00ednh s\u00e1ch ki\u1ec3m h\u00e0ng - OHAL\",\"isPartOf\":{\"@id\":\"https:\/\/commerce.ohal.vn\/#website\"},\"datePublished\":\"2024-04-16T01:59:35+00:00\",\"dateModified\":\"2025-10-23T08:43:40+00:00\",\"breadcrumb\":{\"@id\":\"https:\/\/commerce.ohal.vn\/index.php\/chinh-sach\/chinh-sach-kiem-hang\/#breadcrumb\"},\"inLanguage\":\"vi\",\"potentialAction\":[{\"@type\":\"ReadAction\",\"target\":[\"https:\/\/commerce.ohal.vn\/index.php\/chinh-sach\/chinh-sach-kiem-hang\/\"]}]},{\"@type\":\"BreadcrumbList\",\"@id\":\"https:\/\/commerce.ohal.vn\/index.php\/chinh-sach\/chinh-sach-kiem-hang\/#breadcrumb\",\"itemListElement\":[{\"@type\":\"ListItem\",\"position\":1,\"name\":\"Trang ch\u1ee7\",\"item\":\"https:\/\/commerce.ohal.vn\/\"},{\"@type\":\"ListItem\",\"position\":2,\"name\":\"Ch\u00ednh s\u00e1ch\",\"item\":\"https:\/\/commerce.ohal.vn\/index.php\/chinh-sach\/\"},{\"@type\":\"ListItem\",\"position\":3,\"name\":\"Ch\u00ednh s\u00e1ch ki\u1ec3m h\u00e0ng\"}]},{\"@type\":\"WebSite\",\"@id\":\"https:\/\/commerce.ohal.vn\/#website\",\"url\":\"https:\/\/commerce.ohal.vn\/\",\"name\":\"OHAL\",\"description\":\"S\u1ed1ng kh\u1ecfe c\u00f9ng OHAL\",\"publisher\":{\"@id\":\"https:\/\/commerce.ohal.vn\/#organization\"},\"potentialAction\":[{\"@type\":\"SearchAction\",\"target\":{\"@type\":\"EntryPoint\",\"urlTemplate\":\"https:\/\/commerce.ohal.vn\/?s={search_term_string}\"},\"query-input\":{\"@type\":\"PropertyValueSpecification\",\"valueRequired\":true,\"valueName\":\"search_term_string\"}}],\"inLanguage\":\"vi\"},{\"@type\":\"Organization\",\"@id\":\"https:\/\/commerce.ohal.vn\/#organization\",\"name\":\"OHAL\",\"url\":\"https:\/\/commerce.ohal.vn\/\",\"logo\":{\"@type\":\"ImageObject\",\"inLanguage\":\"vi\",\"@id\":\"https:\/\/commerce.ohal.vn\/#\/schema\/logo\/image\/\",\"url\":\"https:\/\/commerce.ohal.vn\/wp-content\/uploads\/2022\/05\/cropped-ohal-2-2.png\",\"contentUrl\":\"https:\/\/commerce.ohal.vn\/wp-content\/uploads\/2022\/05\/cropped-ohal-2-2.png\",\"width\":366,\"height\":143,\"caption\":\"OHAL\"},\"image\":{\"@id\":\"https:\/\/commerce.ohal.vn\/#\/schema\/logo\/image\/\"}}]}<\/script>\n<!-- \/ Yoast SEO plugin. -->","yoast_head_json":{"title":"Ch\u00ednh s\u00e1ch ki\u1ec3m h\u00e0ng - OHAL","robots":{"index":"index","follow":"follow","max-snippet":"max-snippet:-1","max-image-preview":"max-image-preview:large","max-video-preview":"max-video-preview:-1"},"canonical":"https:\/\/commerce.ohal.vn\/index.php\/chinh-sach\/chinh-sach-kiem-hang\/","og_locale":"vi_VN","og_type":"article","og_title":"Ch\u00ednh s\u00e1ch ki\u1ec3m h\u00e0ng - OHAL","og_description":"CH\u00cdNH S\u00c1CH KI\u1ec2M H\u00c0NG: \u0110\u1ecbnh ngh\u0129a. Ki\u1ec3m h\u00e0ng l\u00e0 th\u1ef1c hi\u1ec7n c\u00e1c c\u00f4ng vi\u1ec7c ki\u1ec3m tra v\u00e0 so s\u00e1nh c\u00e1c s\u1ea3n ph\u1ea9m\/h\u00e0ng h\u00f3a nh\u1eadn \u0111\u01b0\u1ee3c trong ki\u1ec7n h\u00e0ng OHAL g\u1eedi v\u1edbi c\u00e1c s\u1ea3n ph\u1ea9m trong \u0111\u01a1n h\u00e0ng kh\u00e1ch y\u00eau c\u1ea7u. Quy \u0111\u1ecbnh Th\u1eddi \u0111i\u1ec3m ki\u1ec3m h\u00e0ng. OHAL ch\u1ea5p nh\u1eadn cho kh\u00e1ch h\u00e0ng \u0111\u1ed3ng ki\u1ec3m v\u1edbi [&hellip;]","og_url":"https:\/\/commerce.ohal.vn\/index.php\/chinh-sach\/chinh-sach-kiem-hang\/","og_site_name":"OHAL","article_modified_time":"2025-10-23T08:43:40+00:00","twitter_card":"summary_large_image","twitter_misc":{"\u01af\u1edbc t\u00ednh th\u1eddi gian \u0111\u1ecdc":"3 ph\u00fat"},"schema":{"@context":"https:\/\/schema.org","@graph":[{"@type":"WebPage","@id":"https:\/\/commerce.ohal.vn\/index.php\/chinh-sach\/chinh-sach-kiem-hang\/","url":"https:\/\/commerce.ohal.vn\/index.php\/chinh-sach\/chinh-sach-kiem-hang\/","name":"Ch\u00ednh s\u00e1ch ki\u1ec3m h\u00e0ng - OHAL","isPartOf":{"@id":"https:\/\/commerce.ohal.vn\/#website"},"datePublished":"2024-04-16T01:59:35+00:00","dateModified":"2025-10-23T08:43:40+00:00","breadcrumb":{"@id":"https:\/\/commerce.ohal.vn\/index.php\/chinh-sach\/chinh-sach-kiem-hang\/#breadcrumb"},"inLanguage":"vi","potentialAction":[{"@type":"ReadAction","target":["https:\/\/commerce.ohal.vn\/index.php\/chinh-sach\/chinh-sach-kiem-hang\/"]}]},{"@type":"BreadcrumbList","@id":"https:\/\/commerce.ohal.vn\/index.php\/chinh-sach\/chinh-sach-kiem-hang\/#breadcrumb","itemListElement":[{"@type":"ListItem","position":1,"name":"Trang ch\u1ee7","item":"https:\/\/commerce.ohal.vn\/"},{"@type":"ListItem","position":2,"name":"Ch\u00ednh s\u00e1ch","item":"https:\/\/commerce.ohal.vn\/index.php\/chinh-sach\/"},{"@type":"ListItem","position":3,"name":"Ch\u00ednh s\u00e1ch ki\u1ec3m h\u00e0ng"}]},{"@type":"WebSite","@id":"https:\/\/commerce.ohal.vn\/#website","url":"https:\/\/commerce.ohal.vn\/","name":"OHAL","description":"S\u1ed1ng kh\u1ecfe c\u00f9ng OHAL","publisher":{"@id":"https:\/\/commerce.ohal.vn\/#organization"},"potentialAction":[{"@type":"SearchAction","target":{"@type":"EntryPoint","urlTemplate":"https:\/\/commerce.ohal.vn\/?s={search_term_string}"},"query-input":{"@type":"PropertyValueSpecification","valueRequired":true,"valueName":"search_term_string"}}],"inLanguage":"vi"},{"@type":"Organization","@id":"https:\/\/commerce.ohal.vn\/#organization","name":"OHAL","url":"https:\/\/commerce.ohal.vn\/","logo":{"@type":"ImageObject","inLanguage":"vi","@id":"https:\/\/commerce.ohal.vn\/#\/schema\/logo\/image\/","url":"https:\/\/commerce.ohal.vn\/wp-content\/uploads\/2022\/05\/cropped-ohal-2-2.png","contentUrl":"https:\/\/commerce.ohal.vn\/wp-content\/uploads\/2022\/05\/cropped-ohal-2-2.png","width":366,"height":143,"caption":"OHAL"},"image":{"@id":"https:\/\/commerce.ohal.vn\/#\/schema\/logo\/image\/"}}]}},"jetpack_sharing_enabled":true,"_links":{"self":[{"href":"https:\/\/commerce.ohal.vn\/index.php\/wp-json\/wp\/v2\/pages\/532","targetHints":{"allow":["GET"]}}],"collection":[{"href":"https:\/\/commerce.ohal.vn\/index.php\/wp-json\/wp\/v2\/pages"}],"about":[{"href":"https:\/\/commerce.ohal.vn\/index.php\/wp-json\/wp\/v2\/types\/page"}],"author":[{"embeddable":true,"href":"https:\/\/commerce.ohal.vn\/index.php\/wp-json\/wp\/v2\/users\/1"}],"replies":[{"embeddable":true,"href":"https:\/\/commerce.ohal.vn\/index.php\/wp-json\/wp\/v2\/comments?post=532"}],"version-history":[{"count":5,"href":"https:\/\/commerce.ohal.vn\/index.php\/wp-json\/wp\/v2\/pages\/532\/revisions"}],"predecessor-version":[{"id":537,"href":"https:\/\/commerce.ohal.vn\/index.php\/wp-json\/wp\/v2\/pages\/532\/revisions\/537"}],"up":[{"embeddable":true,"href":"https:\/\/commerce.ohal.vn\/index.php\/wp-json\/wp\/v2\/pages\/31"}],"wp:attachment":[{"href":"https:\/\/commerce.ohal.vn\/index.php\/wp-json\/wp\/v2\/media?parent=532"}],"curies":[{"name":"wp","href":"https:\/\/api.w.org\/{rel}","templated":true}]}}