{"id":453,"date":"2024-04-01T15:49:13","date_gmt":"2024-04-01T08:49:13","guid":{"rendered":"https:\/\/commerce.ohal.vn\/index.php\/khu-vuc-danh-cho-cong-tac-vien-2\/"},"modified":"2024-04-01T15:54:41","modified_gmt":"2024-04-01T08:54:41","slug":"khu-vuc-danh-cho-cong-tac-vien-2","status":"publish","type":"page","link":"https:\/\/commerce.ohal.vn\/index.php\/khu-vuc-danh-cho-cong-tac-vien-2\/","title":{"rendered":"C\u1ed9ng t\u00e1c vi\u00ean"},"content":{"rendered":"<div class=\"affiliates-dashboard\">\n\t\t<div class=\"affiliates-dashboard-sections\">\n\t\t\t<div class=\"affiliates-dashboard-section-links\">\n\t\t\t\t\t\t\t<div class='section-link-item login active'>\n\t\t\t\t\t<a href=\"https:\/\/commerce.ohal.vn\/index.php\/wp-json\/wp\/v2\/pages\/453?affiliates-dashboard-section=login\">\u0110\u0103ng nh\u1eadp<\/a>\n\t\t\t\t<\/div>\n\t\t\t\t\t\t\t\t<div class='section-link-item registration '>\n\t\t\t\t\t<a href=\"https:\/\/commerce.ohal.vn\/index.php\/wp-json\/wp\/v2\/pages\/453?affiliates-dashboard-section=registration\">\u0110\u0103ng k\u00fd<\/a>\n\t\t\t\t<\/div>\n\t\t\t\t\t\t<\/div>\n\t\t\t\t<div class='affiliates-dashboard-section login'>\n\t\t\t\t<h2>\u0110\u0103ng nh\u1eadp<\/h2>\n\t<div class=\"dashboard-section dashboard-section-login\">\n\t\t<p>Vui l\u00f2ng \u0111\u0103ng nh\u1eadp \u0111\u1ec3 truy c\u1eadp v\u00e0o khu v\u1ef1c li\u00ean k\u1ebft.<\/p>\n\t\t<form name=\"loginform\" id=\"loginform\" action=\"https:\/\/commerce.ohal.vn\/wp-login.php\" method=\"post\"><p class=\"login-username\">\n\t\t\t\t<label for=\"user_login\">T\u00ean ng\u01b0\u1eddi d\u00f9ng ho\u1eb7c \u0111\u1ecba ch\u1ec9 email<\/label>\n\t\t\t\t<input type=\"text\" name=\"log\" id=\"user_login\" autocomplete=\"username\" class=\"input\" value=\"\" size=\"20\" \/>\n\t\t\t<\/p><p class=\"login-password\">\n\t\t\t\t<label for=\"user_pass\">M\u1eadt kh\u1ea9u<\/label>\n\t\t\t\t<input type=\"password\" name=\"pwd\" id=\"user_pass\" autocomplete=\"current-password\" spellcheck=\"false\" class=\"input\" value=\"\" size=\"20\" \/>\n\t\t\t<\/p><p class=\"login-remember\"><label><input name=\"rememberme\" type=\"checkbox\" id=\"rememberme\" value=\"forever\" \/> Ghi nh\u1edb \u0111\u0103ng nh\u1eadp<\/label><\/p><p class=\"login-submit\">\n\t\t\t\t<input type=\"submit\" name=\"wp-submit\" id=\"wp-submit\" class=\"button button-primary\" value=\"\u0110\u0103ng nh\u1eadp\" \/>\n\t\t\t\t<input type=\"hidden\" name=\"redirect_to\" value=\"https:\/\/commerce.ohal.vn\/index.php\/khu-vuc-danh-cho-cong-tac-vien-2\/\" \/>\n\t\t\t<\/p><\/form>\t<\/div>\n<style type=\"text\/css\">\n\t.dashboard-section-login .login-username label,\n\t.dashboard-section-login .login-password label {\n\t\tdisplay: block;\n\t}\n\t.dashboard-section-login .login-username input,\n\t.dashboard-section-login .login-password input {\n\t\tmax-width: 100%;\n\t\twidth: 320px;\n\t}\n<\/style>\n\t\t<\/div>\n\t\t\t<\/div>\n\t<\/div><style type=\"text\/css\">\n.affiliates-dashboard-section-links {\n\tdisplay: flex;\n\tflex-wrap: wrap;\n\ttext-align: center;\n\tbackground-color: #f2f2f2;\n\tborder-radius: 4px;\n\tmargin: 4px;\n}\n.affiliates-dashboard-section-links .section-link-item {\n\tflex-grow: 1;\n\tcursor:\u00a0pointer;\n\tborder-bottom: 4px solid #9e9e9e;\n}\n.affiliates-dashboard-section-links .section-link-item a {\n\ttext-decoration: none;\n\tpadding: 0 0.32em;\n}\n.affiliates-dashboard-section-links .section-link-item.active {\n\tfont-weight: bold;\n\tbackground-color: #e0e0e0;\n\tborder-radius: 2px;\n\tborder-bottom: 4px solid #616161;\n}\n<\/style>\n\n","protected":false},"excerpt":{"rendered":"","protected":false},"author":1,"featured_media":0,"parent":0,"menu_order":0,"comment_status":"closed","ping_status":"closed","template":"","meta":{"site-sidebar-layout":"default","site-content-layout":"","ast-site-content-layout":"default","site-content-style":"default","site-sidebar-style":"default","ast-global-header-display":"","ast-banner-title-visibility":"","ast-main-header-display":"","ast-hfb-above-header-display":"","ast-hfb-below-header-display":"","ast-hfb-mobile-header-display":"","site-post-title":"","ast-breadcrumbs-content":"","ast-featured-img":"","footer-sml-layout":"","theme-transparent-header-meta":"","adv-header-id-meta":"","stick-header-meta":"","header-above-stick-meta":"","header-main-stick-meta":"","header-below-stick-meta":"","astra-migrate-meta-layouts":"default","ast-page-background-enabled":"default","ast-page-background-meta":{"desktop":{"background-color":"var(--ast-global-color-4)","background-image":"","background-repeat":"repeat","background-position":"center center","background-size":"auto","background-attachment":"scroll","background-type":"","background-media":"","overlay-type":"","overlay-color":"","overlay-opacity":"","overlay-gradient":""},"tablet":{"background-color":"","background-image":"","background-repeat":"repeat","background-position":"center center","background-size":"auto","background-attachment":"scroll","background-type":"","background-media":"","overlay-type":"","overlay-color":"","overlay-opacity":"","overlay-gradient":""},"mobile":{"background-color":"","background-image":"","background-repeat":"repeat","background-position":"center center","background-size":"auto","background-attachment":"scroll","background-type":"","background-media":"","overlay-type":"","overlay-color":"","overlay-opacity":"","overlay-gradient":""}},"ast-content-background-meta":{"desktop":{"background-color":"var(--ast-global-color-5)","background-image":"","background-repeat":"repeat","background-position":"center center","background-size":"auto","background-attachment":"scroll","background-type":"","background-media":"","overlay-type":"","overlay-color":"","overlay-opacity":"","overlay-gradient":""},"tablet":{"background-color":"var(--ast-global-color-5)","background-image":"","background-repeat":"repeat","background-position":"center center","background-size":"auto","background-attachment":"scroll","background-type":"","background-media":"","overlay-type":"","overlay-color":"","overlay-opacity":"","overlay-gradient":""},"mobile":{"background-color":"var(--ast-global-color-5)","background-image":"","background-repeat":"repeat","background-position":"center center","background-size":"auto","background-attachment":"scroll","background-type":"","background-media":"","overlay-type":"","overlay-color":"","overlay-opacity":"","overlay-gradient":""}},"footnotes":""},"class_list":["post-453","page","type-page","status-publish","hentry"],"yoast_head":"<!-- This site is optimized with the Yoast SEO plugin v26.2 - https:\/\/yoast.com\/wordpress\/plugins\/seo\/ -->\n<title>C\u1ed9ng t\u00e1c vi\u00ean - OHAL<\/title>\n<meta name=\"robots\" content=\"index, follow, max-snippet:-1, max-image-preview:large, max-video-preview:-1\" \/>\n<link rel=\"canonical\" href=\"https:\/\/commerce.ohal.vn\/index.php\/khu-vuc-danh-cho-cong-tac-vien-2\/\" \/>\n<meta property=\"og:locale\" content=\"vi_VN\" \/>\n<meta property=\"og:type\" content=\"article\" \/>\n<meta property=\"og:title\" content=\"C\u1ed9ng t\u00e1c vi\u00ean - OHAL\" \/>\n<meta property=\"og:url\" content=\"https:\/\/commerce.ohal.vn\/index.php\/khu-vuc-danh-cho-cong-tac-vien-2\/\" \/>\n<meta property=\"og:site_name\" content=\"OHAL\" \/>\n<meta property=\"article:modified_time\" content=\"2024-04-01T08:54:41+00:00\" \/>\n<meta name=\"twitter:card\" content=\"summary_large_image\" \/>\n<script type=\"application\/ld+json\" class=\"yoast-schema-graph\">{\"@context\":\"https:\/\/schema.org\",\"@graph\":[{\"@type\":\"WebPage\",\"@id\":\"https:\/\/commerce.ohal.vn\/index.php\/khu-vuc-danh-cho-cong-tac-vien-2\/\",\"url\":\"https:\/\/commerce.ohal.vn\/index.php\/khu-vuc-danh-cho-cong-tac-vien-2\/\",\"name\":\"C\u1ed9ng t\u00e1c vi\u00ean - OHAL\",\"isPartOf\":{\"@id\":\"https:\/\/commerce.ohal.vn\/#website\"},\"datePublished\":\"2024-04-01T08:49:13+00:00\",\"dateModified\":\"2024-04-01T08:54:41+00:00\",\"breadcrumb\":{\"@id\":\"https:\/\/commerce.ohal.vn\/index.php\/khu-vuc-danh-cho-cong-tac-vien-2\/#breadcrumb\"},\"inLanguage\":\"vi\",\"potentialAction\":[{\"@type\":\"ReadAction\",\"target\":[\"https:\/\/commerce.ohal.vn\/index.php\/khu-vuc-danh-cho-cong-tac-vien-2\/\"]}]},{\"@type\":\"BreadcrumbList\",\"@id\":\"https:\/\/commerce.ohal.vn\/index.php\/khu-vuc-danh-cho-cong-tac-vien-2\/#breadcrumb\",\"itemListElement\":[{\"@type\":\"ListItem\",\"position\":1,\"name\":\"Trang ch\u1ee7\",\"item\":\"https:\/\/commerce.ohal.vn\/\"},{\"@type\":\"ListItem\",\"position\":2,\"name\":\"C\u1ed9ng t\u00e1c vi\u00ean\"}]},{\"@type\":\"WebSite\",\"@id\":\"https:\/\/commerce.ohal.vn\/#website\",\"url\":\"https:\/\/commerce.ohal.vn\/\",\"name\":\"OHAL\",\"description\":\"S\u1ed1ng kh\u1ecfe c\u00f9ng OHAL\",\"publisher\":{\"@id\":\"https:\/\/commerce.ohal.vn\/#organization\"},\"potentialAction\":[{\"@type\":\"SearchAction\",\"target\":{\"@type\":\"EntryPoint\",\"urlTemplate\":\"https:\/\/commerce.ohal.vn\/?s={search_term_string}\"},\"query-input\":{\"@type\":\"PropertyValueSpecification\",\"valueRequired\":true,\"valueName\":\"search_term_string\"}}],\"inLanguage\":\"vi\"},{\"@type\":\"Organization\",\"@id\":\"https:\/\/commerce.ohal.vn\/#organization\",\"name\":\"OHAL\",\"url\":\"https:\/\/commerce.ohal.vn\/\",\"logo\":{\"@type\":\"ImageObject\",\"inLanguage\":\"vi\",\"@id\":\"https:\/\/commerce.ohal.vn\/#\/schema\/logo\/image\/\",\"url\":\"https:\/\/commerce.ohal.vn\/wp-content\/uploads\/2022\/05\/cropped-ohal-2-2.png\",\"contentUrl\":\"https:\/\/commerce.ohal.vn\/wp-content\/uploads\/2022\/05\/cropped-ohal-2-2.png\",\"width\":366,\"height\":143,\"caption\":\"OHAL\"},\"image\":{\"@id\":\"https:\/\/commerce.ohal.vn\/#\/schema\/logo\/image\/\"}}]}<\/script>\n<!-- \/ Yoast SEO plugin. -->","yoast_head_json":{"title":"C\u1ed9ng t\u00e1c vi\u00ean - OHAL","robots":{"index":"index","follow":"follow","max-snippet":"max-snippet:-1","max-image-preview":"max-image-preview:large","max-video-preview":"max-video-preview:-1"},"canonical":"https:\/\/commerce.ohal.vn\/index.php\/khu-vuc-danh-cho-cong-tac-vien-2\/","og_locale":"vi_VN","og_type":"article","og_title":"C\u1ed9ng t\u00e1c vi\u00ean - OHAL","og_url":"https:\/\/commerce.ohal.vn\/index.php\/khu-vuc-danh-cho-cong-tac-vien-2\/","og_site_name":"OHAL","article_modified_time":"2024-04-01T08:54:41+00:00","twitter_card":"summary_large_image","schema":{"@context":"https:\/\/schema.org","@graph":[{"@type":"WebPage","@id":"https:\/\/commerce.ohal.vn\/index.php\/khu-vuc-danh-cho-cong-tac-vien-2\/","url":"https:\/\/commerce.ohal.vn\/index.php\/khu-vuc-danh-cho-cong-tac-vien-2\/","name":"C\u1ed9ng t\u00e1c vi\u00ean - OHAL","isPartOf":{"@id":"https:\/\/commerce.ohal.vn\/#website"},"datePublished":"2024-04-01T08:49:13+00:00","dateModified":"2024-04-01T08:54:41+00:00","breadcrumb":{"@id":"https:\/\/commerce.ohal.vn\/index.php\/khu-vuc-danh-cho-cong-tac-vien-2\/#breadcrumb"},"inLanguage":"vi","potentialAction":[{"@type":"ReadAction","target":["https:\/\/commerce.ohal.vn\/index.php\/khu-vuc-danh-cho-cong-tac-vien-2\/"]}]},{"@type":"BreadcrumbList","@id":"https:\/\/commerce.ohal.vn\/index.php\/khu-vuc-danh-cho-cong-tac-vien-2\/#breadcrumb","itemListElement":[{"@type":"ListItem","position":1,"name":"Trang ch\u1ee7","item":"https:\/\/commerce.ohal.vn\/"},{"@type":"ListItem","position":2,"name":"C\u1ed9ng t\u00e1c vi\u00ean"}]},{"@type":"WebSite","@id":"https:\/\/commerce.ohal.vn\/#website","url":"https:\/\/commerce.ohal.vn\/","name":"OHAL","description":"S\u1ed1ng kh\u1ecfe c\u00f9ng OHAL","publisher":{"@id":"https:\/\/commerce.ohal.vn\/#organization"},"potentialAction":[{"@type":"SearchAction","target":{"@type":"EntryPoint","urlTemplate":"https:\/\/commerce.ohal.vn\/?s={search_term_string}"},"query-input":{"@type":"PropertyValueSpecification","valueRequired":true,"valueName":"search_term_string"}}],"inLanguage":"vi"},{"@type":"Organization","@id":"https:\/\/commerce.ohal.vn\/#organization","name":"OHAL","url":"https:\/\/commerce.ohal.vn\/","logo":{"@type":"ImageObject","inLanguage":"vi","@id":"https:\/\/commerce.ohal.vn\/#\/schema\/logo\/image\/","url":"https:\/\/commerce.ohal.vn\/wp-content\/uploads\/2022\/05\/cropped-ohal-2-2.png","contentUrl":"https:\/\/commerce.ohal.vn\/wp-content\/uploads\/2022\/05\/cropped-ohal-2-2.png","width":366,"height":143,"caption":"OHAL"},"image":{"@id":"https:\/\/commerce.ohal.vn\/#\/schema\/logo\/image\/"}}]}},"jetpack_sharing_enabled":true,"_links":{"self":[{"href":"https:\/\/commerce.ohal.vn\/index.php\/wp-json\/wp\/v2\/pages\/453","targetHints":{"allow":["GET"]}}],"collection":[{"href":"https:\/\/commerce.ohal.vn\/index.php\/wp-json\/wp\/v2\/pages"}],"about":[{"href":"https:\/\/commerce.ohal.vn\/index.php\/wp-json\/wp\/v2\/types\/page"}],"author":[{"embeddable":true,"href":"https:\/\/commerce.ohal.vn\/index.php\/wp-json\/wp\/v2\/users\/1"}],"replies":[{"embeddable":true,"href":"https:\/\/commerce.ohal.vn\/index.php\/wp-json\/wp\/v2\/comments?post=453"}],"version-history":[{"count":1,"href":"https:\/\/commerce.ohal.vn\/index.php\/wp-json\/wp\/v2\/pages\/453\/revisions"}],"predecessor-version":[{"id":456,"href":"https:\/\/commerce.ohal.vn\/index.php\/wp-json\/wp\/v2\/pages\/453\/revisions\/456"}],"wp:attachment":[{"href":"https:\/\/commerce.ohal.vn\/index.php\/wp-json\/wp\/v2\/media?parent=453"}],"curies":[{"name":"wp","href":"https:\/\/api.w.org\/{rel}","templated":true}]}}