{"id":330,"date":"2022-11-11T01:04:39","date_gmt":"2022-11-11T01:04:39","guid":{"rendered":"https:\/\/commerce.ohal.vn\/index.php\/affiliate-home\/affiliate-register\/"},"modified":"2025-10-23T15:49:16","modified_gmt":"2025-10-23T08:49:16","slug":"cong-tac-vien-dang-ky","status":"publish","type":"page","link":"https:\/\/commerce.ohal.vn\/index.php\/khu-vuc-danh-cho-cong-tac-vien-2\/cong-tac-vien-dang-ky\/","title":{"rendered":"\u0110\u0102NG K\u00dd C\u1ed8NG T\u00c1C VI\u00caN"},"content":{"rendered":"<p>[AffiliatesRegister]<\/p>\n","protected":false},"excerpt":{"rendered":"<p>[AffiliatesRegister]<\/p>\n","protected":false},"author":1,"featured_media":0,"parent":453,"menu_order":0,"comment_status":"closed","ping_status":"closed","template":"","meta":{"site-sidebar-layout":"default","site-content-layout":"","ast-site-content-layout":"default","site-content-style":"default","site-sidebar-style":"default","ast-global-header-display":"","ast-banner-title-visibility":"","ast-main-header-display":"","ast-hfb-above-header-display":"","ast-hfb-below-header-display":"","ast-hfb-mobile-header-display":"","site-post-title":"","ast-breadcrumbs-content":"","ast-featured-img":"","footer-sml-layout":"","theme-transparent-header-meta":"","adv-header-id-meta":"","stick-header-meta":"","header-above-stick-meta":"","header-main-stick-meta":"","header-below-stick-meta":"","astra-migrate-meta-layouts":"default","ast-page-background-enabled":"default","ast-page-background-meta":{"desktop":{"background-color":"var(--ast-global-color-4)","background-image":"","background-repeat":"repeat","background-position":"center center","background-size":"auto","background-attachment":"scroll","background-type":"","background-media":"","overlay-type":"","overlay-color":"","overlay-opacity":"","overlay-gradient":""},"tablet":{"background-color":"","background-image":"","background-repeat":"repeat","background-position":"center center","background-size":"auto","background-attachment":"scroll","background-type":"","background-media":"","overlay-type":"","overlay-color":"","overlay-opacity":"","overlay-gradient":""},"mobile":{"background-color":"","background-image":"","background-repeat":"repeat","background-position":"center center","background-size":"auto","background-attachment":"scroll","background-type":"","background-media":"","overlay-type":"","overlay-color":"","overlay-opacity":"","overlay-gradient":""}},"ast-content-background-meta":{"desktop":{"background-color":"var(--ast-global-color-5)","background-image":"","background-repeat":"repeat","background-position":"center center","background-size":"auto","background-attachment":"scroll","background-type":"","background-media":"","overlay-type":"","overlay-color":"","overlay-opacity":"","overlay-gradient":""},"tablet":{"background-color":"var(--ast-global-color-5)","background-image":"","background-repeat":"repeat","background-position":"center center","background-size":"auto","background-attachment":"scroll","background-type":"","background-media":"","overlay-type":"","overlay-color":"","overlay-opacity":"","overlay-gradient":""},"mobile":{"background-color":"var(--ast-global-color-5)","background-image":"","background-repeat":"repeat","background-position":"center center","background-size":"auto","background-attachment":"scroll","background-type":"","background-media":"","overlay-type":"","overlay-color":"","overlay-opacity":"","overlay-gradient":""}},"footnotes":""},"class_list":["post-330","page","type-page","status-publish","hentry"],"yoast_head":"<!-- This site is optimized with the Yoast SEO plugin v26.2 - https:\/\/yoast.com\/wordpress\/plugins\/seo\/ -->\n<title>\u0110\u0102NG K\u00dd C\u1ed8NG T\u00c1C VI\u00caN - OHAL<\/title>\n<meta name=\"description\" content=\"H\u00e3y \u0111\u0103ng k\u00fd c\u1ed9ng t\u00e1c vi\u00ean c\u1ee7a ch\u00fang t\u00f4i \u0111\u1ec3 \u0111\u01b0a \u0111\u1ebfn kh\u00e1ch h\u00e0ng nh\u1eefng s\u1ea3n ph\u1ea9m t\u1ed1t nh\u1ea5t v\u00e0 ki\u1ebfm th\u00eam thu nh\u1eadp cho b\u1ea1n.\" \/>\n<meta name=\"robots\" content=\"index, follow, max-snippet:-1, max-image-preview:large, max-video-preview:-1\" \/>\n<link rel=\"canonical\" href=\"https:\/\/commerce.ohal.vn\/index.php\/khu-vuc-danh-cho-cong-tac-vien-2\/cong-tac-vien-dang-ky\/\" \/>\n<meta property=\"og:locale\" content=\"vi_VN\" \/>\n<meta property=\"og:type\" content=\"article\" \/>\n<meta property=\"og:title\" content=\"\u0110\u0102NG K\u00dd C\u1ed8NG T\u00c1C VI\u00caN - OHAL\" \/>\n<meta property=\"og:description\" content=\"H\u00e3y \u0111\u0103ng k\u00fd c\u1ed9ng t\u00e1c vi\u00ean c\u1ee7a ch\u00fang t\u00f4i \u0111\u1ec3 \u0111\u01b0a \u0111\u1ebfn kh\u00e1ch h\u00e0ng nh\u1eefng s\u1ea3n ph\u1ea9m t\u1ed1t nh\u1ea5t v\u00e0 ki\u1ebfm th\u00eam thu nh\u1eadp cho b\u1ea1n.\" \/>\n<meta property=\"og:url\" content=\"https:\/\/commerce.ohal.vn\/index.php\/khu-vuc-danh-cho-cong-tac-vien-2\/cong-tac-vien-dang-ky\/\" \/>\n<meta property=\"og:site_name\" content=\"OHAL\" \/>\n<meta property=\"article:modified_time\" content=\"2025-10-23T08:49:16+00:00\" \/>\n<meta name=\"twitter:card\" content=\"summary_large_image\" \/>\n<meta name=\"twitter:label1\" content=\"\u01af\u1edbc t\u00ednh th\u1eddi gian \u0111\u1ecdc\" \/>\n\t<meta name=\"twitter:data1\" content=\"1 ph\u00fat\" \/>\n<script type=\"application\/ld+json\" class=\"yoast-schema-graph\">{\"@context\":\"https:\/\/schema.org\",\"@graph\":[{\"@type\":\"WebPage\",\"@id\":\"https:\/\/commerce.ohal.vn\/index.php\/khu-vuc-danh-cho-cong-tac-vien-2\/cong-tac-vien-dang-ky\/\",\"url\":\"https:\/\/commerce.ohal.vn\/index.php\/khu-vuc-danh-cho-cong-tac-vien-2\/cong-tac-vien-dang-ky\/\",\"name\":\"\u0110\u0102NG K\u00dd C\u1ed8NG T\u00c1C VI\u00caN - OHAL\",\"isPartOf\":{\"@id\":\"https:\/\/commerce.ohal.vn\/#website\"},\"datePublished\":\"2022-11-11T01:04:39+00:00\",\"dateModified\":\"2025-10-23T08:49:16+00:00\",\"description\":\"H\u00e3y \u0111\u0103ng k\u00fd c\u1ed9ng t\u00e1c vi\u00ean c\u1ee7a ch\u00fang t\u00f4i \u0111\u1ec3 \u0111\u01b0a \u0111\u1ebfn kh\u00e1ch h\u00e0ng nh\u1eefng s\u1ea3n ph\u1ea9m t\u1ed1t nh\u1ea5t v\u00e0 ki\u1ebfm th\u00eam thu nh\u1eadp cho b\u1ea1n.\",\"breadcrumb\":{\"@id\":\"https:\/\/commerce.ohal.vn\/index.php\/khu-vuc-danh-cho-cong-tac-vien-2\/cong-tac-vien-dang-ky\/#breadcrumb\"},\"inLanguage\":\"vi\",\"potentialAction\":[{\"@type\":\"ReadAction\",\"target\":[\"https:\/\/commerce.ohal.vn\/index.php\/khu-vuc-danh-cho-cong-tac-vien-2\/cong-tac-vien-dang-ky\/\"]}]},{\"@type\":\"BreadcrumbList\",\"@id\":\"https:\/\/commerce.ohal.vn\/index.php\/khu-vuc-danh-cho-cong-tac-vien-2\/cong-tac-vien-dang-ky\/#breadcrumb\",\"itemListElement\":[{\"@type\":\"ListItem\",\"position\":1,\"name\":\"Trang ch\u1ee7\",\"item\":\"https:\/\/commerce.ohal.vn\/\"},{\"@type\":\"ListItem\",\"position\":2,\"name\":\"C\u1ed9ng t\u00e1c vi\u00ean\",\"item\":\"https:\/\/commerce.ohal.vn\/index.php\/khu-vuc-danh-cho-cong-tac-vien-2\/\"},{\"@type\":\"ListItem\",\"position\":3,\"name\":\"\u0110\u0102NG K\u00dd C\u1ed8NG T\u00c1C VI\u00caN\"}]},{\"@type\":\"WebSite\",\"@id\":\"https:\/\/commerce.ohal.vn\/#website\",\"url\":\"https:\/\/commerce.ohal.vn\/\",\"name\":\"OHAL\",\"description\":\"S\u1ed1ng kh\u1ecfe c\u00f9ng OHAL\",\"publisher\":{\"@id\":\"https:\/\/commerce.ohal.vn\/#organization\"},\"potentialAction\":[{\"@type\":\"SearchAction\",\"target\":{\"@type\":\"EntryPoint\",\"urlTemplate\":\"https:\/\/commerce.ohal.vn\/?s={search_term_string}\"},\"query-input\":{\"@type\":\"PropertyValueSpecification\",\"valueRequired\":true,\"valueName\":\"search_term_string\"}}],\"inLanguage\":\"vi\"},{\"@type\":\"Organization\",\"@id\":\"https:\/\/commerce.ohal.vn\/#organization\",\"name\":\"OHAL\",\"url\":\"https:\/\/commerce.ohal.vn\/\",\"logo\":{\"@type\":\"ImageObject\",\"inLanguage\":\"vi\",\"@id\":\"https:\/\/commerce.ohal.vn\/#\/schema\/logo\/image\/\",\"url\":\"https:\/\/commerce.ohal.vn\/wp-content\/uploads\/2022\/05\/cropped-ohal-2-2.png\",\"contentUrl\":\"https:\/\/commerce.ohal.vn\/wp-content\/uploads\/2022\/05\/cropped-ohal-2-2.png\",\"width\":366,\"height\":143,\"caption\":\"OHAL\"},\"image\":{\"@id\":\"https:\/\/commerce.ohal.vn\/#\/schema\/logo\/image\/\"}}]}<\/script>\n<!-- \/ Yoast SEO plugin. -->","yoast_head_json":{"title":"\u0110\u0102NG K\u00dd C\u1ed8NG T\u00c1C VI\u00caN - OHAL","description":"H\u00e3y \u0111\u0103ng k\u00fd c\u1ed9ng t\u00e1c vi\u00ean c\u1ee7a ch\u00fang t\u00f4i \u0111\u1ec3 \u0111\u01b0a \u0111\u1ebfn kh\u00e1ch h\u00e0ng nh\u1eefng s\u1ea3n ph\u1ea9m t\u1ed1t nh\u1ea5t v\u00e0 ki\u1ebfm th\u00eam thu nh\u1eadp cho b\u1ea1n.","robots":{"index":"index","follow":"follow","max-snippet":"max-snippet:-1","max-image-preview":"max-image-preview:large","max-video-preview":"max-video-preview:-1"},"canonical":"https:\/\/commerce.ohal.vn\/index.php\/khu-vuc-danh-cho-cong-tac-vien-2\/cong-tac-vien-dang-ky\/","og_locale":"vi_VN","og_type":"article","og_title":"\u0110\u0102NG K\u00dd C\u1ed8NG T\u00c1C VI\u00caN - OHAL","og_description":"H\u00e3y \u0111\u0103ng k\u00fd c\u1ed9ng t\u00e1c vi\u00ean c\u1ee7a ch\u00fang t\u00f4i \u0111\u1ec3 \u0111\u01b0a \u0111\u1ebfn kh\u00e1ch h\u00e0ng nh\u1eefng s\u1ea3n ph\u1ea9m t\u1ed1t nh\u1ea5t v\u00e0 ki\u1ebfm th\u00eam thu nh\u1eadp cho b\u1ea1n.","og_url":"https:\/\/commerce.ohal.vn\/index.php\/khu-vuc-danh-cho-cong-tac-vien-2\/cong-tac-vien-dang-ky\/","og_site_name":"OHAL","article_modified_time":"2025-10-23T08:49:16+00:00","twitter_card":"summary_large_image","twitter_misc":{"\u01af\u1edbc t\u00ednh th\u1eddi gian \u0111\u1ecdc":"1 ph\u00fat"},"schema":{"@context":"https:\/\/schema.org","@graph":[{"@type":"WebPage","@id":"https:\/\/commerce.ohal.vn\/index.php\/khu-vuc-danh-cho-cong-tac-vien-2\/cong-tac-vien-dang-ky\/","url":"https:\/\/commerce.ohal.vn\/index.php\/khu-vuc-danh-cho-cong-tac-vien-2\/cong-tac-vien-dang-ky\/","name":"\u0110\u0102NG K\u00dd C\u1ed8NG T\u00c1C VI\u00caN - OHAL","isPartOf":{"@id":"https:\/\/commerce.ohal.vn\/#website"},"datePublished":"2022-11-11T01:04:39+00:00","dateModified":"2025-10-23T08:49:16+00:00","description":"H\u00e3y \u0111\u0103ng k\u00fd c\u1ed9ng t\u00e1c vi\u00ean c\u1ee7a ch\u00fang t\u00f4i \u0111\u1ec3 \u0111\u01b0a \u0111\u1ebfn kh\u00e1ch h\u00e0ng nh\u1eefng s\u1ea3n ph\u1ea9m t\u1ed1t nh\u1ea5t v\u00e0 ki\u1ebfm th\u00eam thu nh\u1eadp cho b\u1ea1n.","breadcrumb":{"@id":"https:\/\/commerce.ohal.vn\/index.php\/khu-vuc-danh-cho-cong-tac-vien-2\/cong-tac-vien-dang-ky\/#breadcrumb"},"inLanguage":"vi","potentialAction":[{"@type":"ReadAction","target":["https:\/\/commerce.ohal.vn\/index.php\/khu-vuc-danh-cho-cong-tac-vien-2\/cong-tac-vien-dang-ky\/"]}]},{"@type":"BreadcrumbList","@id":"https:\/\/commerce.ohal.vn\/index.php\/khu-vuc-danh-cho-cong-tac-vien-2\/cong-tac-vien-dang-ky\/#breadcrumb","itemListElement":[{"@type":"ListItem","position":1,"name":"Trang ch\u1ee7","item":"https:\/\/commerce.ohal.vn\/"},{"@type":"ListItem","position":2,"name":"C\u1ed9ng t\u00e1c vi\u00ean","item":"https:\/\/commerce.ohal.vn\/index.php\/khu-vuc-danh-cho-cong-tac-vien-2\/"},{"@type":"ListItem","position":3,"name":"\u0110\u0102NG K\u00dd C\u1ed8NG T\u00c1C VI\u00caN"}]},{"@type":"WebSite","@id":"https:\/\/commerce.ohal.vn\/#website","url":"https:\/\/commerce.ohal.vn\/","name":"OHAL","description":"S\u1ed1ng kh\u1ecfe c\u00f9ng OHAL","publisher":{"@id":"https:\/\/commerce.ohal.vn\/#organization"},"potentialAction":[{"@type":"SearchAction","target":{"@type":"EntryPoint","urlTemplate":"https:\/\/commerce.ohal.vn\/?s={search_term_string}"},"query-input":{"@type":"PropertyValueSpecification","valueRequired":true,"valueName":"search_term_string"}}],"inLanguage":"vi"},{"@type":"Organization","@id":"https:\/\/commerce.ohal.vn\/#organization","name":"OHAL","url":"https:\/\/commerce.ohal.vn\/","logo":{"@type":"ImageObject","inLanguage":"vi","@id":"https:\/\/commerce.ohal.vn\/#\/schema\/logo\/image\/","url":"https:\/\/commerce.ohal.vn\/wp-content\/uploads\/2022\/05\/cropped-ohal-2-2.png","contentUrl":"https:\/\/commerce.ohal.vn\/wp-content\/uploads\/2022\/05\/cropped-ohal-2-2.png","width":366,"height":143,"caption":"OHAL"},"image":{"@id":"https:\/\/commerce.ohal.vn\/#\/schema\/logo\/image\/"}}]}},"jetpack_sharing_enabled":true,"_links":{"self":[{"href":"https:\/\/commerce.ohal.vn\/index.php\/wp-json\/wp\/v2\/pages\/330","targetHints":{"allow":["GET"]}}],"collection":[{"href":"https:\/\/commerce.ohal.vn\/index.php\/wp-json\/wp\/v2\/pages"}],"about":[{"href":"https:\/\/commerce.ohal.vn\/index.php\/wp-json\/wp\/v2\/types\/page"}],"author":[{"embeddable":true,"href":"https:\/\/commerce.ohal.vn\/index.php\/wp-json\/wp\/v2\/users\/1"}],"replies":[{"embeddable":true,"href":"https:\/\/commerce.ohal.vn\/index.php\/wp-json\/wp\/v2\/comments?post=330"}],"version-history":[{"count":4,"href":"https:\/\/commerce.ohal.vn\/index.php\/wp-json\/wp\/v2\/pages\/330\/revisions"}],"predecessor-version":[{"id":340,"href":"https:\/\/commerce.ohal.vn\/index.php\/wp-json\/wp\/v2\/pages\/330\/revisions\/340"}],"up":[{"embeddable":true,"href":"https:\/\/commerce.ohal.vn\/index.php\/wp-json\/wp\/v2\/pages\/453"}],"wp:attachment":[{"href":"https:\/\/commerce.ohal.vn\/index.php\/wp-json\/wp\/v2\/media?parent=330"}],"curies":[{"name":"wp","href":"https:\/\/api.w.org\/{rel}","templated":true}]}}